{"id":679,"date":"2025-08-28T10:10:15","date_gmt":"2025-08-28T10:10:15","guid":{"rendered":"https:\/\/marskinrahasto.fi\/?page_id=679"},"modified":"2026-03-08T12:47:56","modified_gmt":"2026-03-08T12:47:56","slug":"marskin-salattu-rahasto","status":"publish","type":"page","link":"https:\/\/marskinrahasto.fi\/index.php\/historia\/marskin-salattu-rahasto\/","title":{"rendered":"Marskin salattu rahasto"},"content":{"rendered":"<div id='full_slider_1'  class='avia-fullwidth-slider main_color avia-shadow   avia-builder-el-0  el_before_av_heading  avia-builder-el-first   container_wrap sidebar_right'  ><\/div><div id='after_full_slider_1'  class='main_color av_default_container_wrap container_wrap sidebar_right'  ><div class='container av-section-cont-open' ><div class='template-page content  av-content-small alpha units'><div class='post-entry post-entry-type-page post-entry-679'><div class='entry-content-wrapper clearfix'>\n\n<style type=\"text\/css\" data-created_by=\"avia_inline_auto\" id=\"style-css-av-av_heading-2401c1dea5649929ad0e9ebe15ff6f50\">\n#top .av-special-heading.av-av_heading-2401c1dea5649929ad0e9ebe15ff6f50{\npadding-bottom:10px;\n}\nbody .av-special-heading.av-av_heading-2401c1dea5649929ad0e9ebe15ff6f50 .av-special-heading-tag .heading-char{\nfont-size:25px;\n}\n.av-special-heading.av-av_heading-2401c1dea5649929ad0e9ebe15ff6f50 .av-subheading{\nfont-size:15px;\n}\n<\/style>\n<div  class='av-special-heading av-av_heading-2401c1dea5649929ad0e9ebe15ff6f50 av-special-heading-h2  avia-builder-el-1  el_after_av_slideshow_full  el_before_av_textblock  avia-builder-el-first '><h2 class='av-special-heading-tag'  itemprop=\"headline\"  >Marskin salattu rahasto<\/h2><div class=\"special-heading-border\"><div class=\"special-heading-inner-border\"><\/div><\/div><\/div>\n<section  class='av_textblock_section av-kecwwfyu-56c5ae3100937325741ed7714317f650 '   itemscope=\"itemscope\" itemtype=\"https:\/\/schema.org\/CreativeWork\" ><div class='avia_textblock'  itemprop=\"text\" ><p><strong><a href=\"https:\/\/marskinrahasto.fi\/wp-content\/uploads\/2020\/08\/Marskin_salattu_rahasto_kansi.jpg\"><img loading=\"lazy\" decoding=\"async\" class=\"alignright wp-image-122 size-medium\" src=\"https:\/\/marskinrahasto.fi\/wp-content\/uploads\/2020\/08\/Marskin_salattu_rahasto_kansi-209x300.jpg\" alt=\"\" width=\"209\" height=\"300\" srcset=\"https:\/\/marskinrahasto.fi\/wp-content\/uploads\/2020\/08\/Marskin_salattu_rahasto_kansi-209x300.jpg 209w, https:\/\/marskinrahasto.fi\/wp-content\/uploads\/2020\/08\/Marskin_salattu_rahasto_kansi-718x1030.jpg 718w, https:\/\/marskinrahasto.fi\/wp-content\/uploads\/2020\/08\/Marskin_salattu_rahasto_kansi-768x1101.jpg 768w, https:\/\/marskinrahasto.fi\/wp-content\/uploads\/2020\/08\/Marskin_salattu_rahasto_kansi-492x705.jpg 492w, https:\/\/marskinrahasto.fi\/wp-content\/uploads\/2020\/08\/Marskin_salattu_rahasto_kansi.jpg 800w\" sizes=\"auto, (max-width: 209px) 100vw, 209px\" \/><\/a>SUOMEN MARSALKKA MANNERHEIMIN SOTATIETEELLINEN RAHASTO 1937\u20132012<\/strong><\/p>\n<p>Suomen Marsalkka Mannerheimin Sotatieteellinen Rahasto t\u00e4ytt\u00e4\u00e4 75 vuotta vuonna 2012. Sen hoitokunta p\u00e4\u00e4tti juhlistaa merkkivuotta julkaisemalla rahaston historiateoksen.<\/p>\n<p>Sotamarsalkka Mannerheim t\u00e4ytti 70 vuotta 4.6.1937. Suomalainen puunjalostusteollisuus antoi h\u00e4nelle syntym\u00e4p\u00e4iv\u00e4lahjaksi kaksi miljoonaa silloista markkaa k\u00e4ytett\u00e4v\u00e4ksi marsalkan hyv\u00e4ksi n\u00e4kem\u00e4ll\u00e4 tavalla. Elokuussa samana vuonna sotamarsalkka perusti Mannerheimin rahaston, jonka perusp\u00e4\u00e4oman muodostivat nuo kaksi miljoonaa markkaa.<\/p>\n<p>Rahaston tarkoitukseksi h\u00e4n m\u00e4\u00e4r\u00e4si Suomen puolustuslaitoksen upseerien sotilaallisten opintojen, tutkimusty\u00f6n ja sotilasurheilun harrastelun tukemisen. Rahaston varoja h\u00e4n m\u00e4\u00e4r\u00e4si hoidettavaksi niin, ett\u00e4 ne riitt\u00e4isiv\u00e4t v\u00e4hint\u00e4\u00e4n viideksitoista vuodeksi.<\/p>\n<\/div><\/section>\n\n<style type=\"text\/css\" data-created_by=\"avia_inline_auto\" id=\"style-css-av-kf6u0hpz-fc2985b0b4d5bb73644be1899c77e887\">\n#top .hr.hr-invisible.av-kf6u0hpz-fc2985b0b4d5bb73644be1899c77e887{\nheight:50px;\n}\n<\/style>\n<div  class='hr av-kf6u0hpz-fc2985b0b4d5bb73644be1899c77e887 hr-invisible  avia-builder-el-3  el_after_av_textblock  el_before_av_textblock '><span class='hr-inner '><span class=\"hr-inner-style\"><\/span><\/span><\/div>\n<section  class='av_textblock_section av-kf6qxeta-2e367eb9a777521b45861dd628e57dcf '   itemscope=\"itemscope\" itemtype=\"https:\/\/schema.org\/CreativeWork\" ><div class='avia_textblock'  itemprop=\"text\" ><div id=\"dflip_post_meta_box_shortcode\" class=\"postbox \">\n<div class=\"inside\">\n<div class=\"dflip-tabs normal-tabs\">\n<h3>Marskin salattu rahasto<\/h3>\n<div><\/div>\n<div id=\"dflip-tab-content-normal\" class=\"dflip-tab-content dflip-active\"><code><div class=\"_df_book df-lite\" id=\"df_534\"  _slug=\"534\" data-title=\"marskin-salattu-rahasto\" wpoptions=\"true\" thumb=\"https:\/\/marskinrahasto.fi\/wp-content\/uploads\/2020\/08\/Marskin_salattu_rahasto_kansi.jpg\" thumbtype=\"\" ><\/div><script class=\"df-shortcode-script\" nowprocket type=\"application\/javascript\">window.option_df_534 = {\"outline\":[],\"autoEnableOutline\":\"false\",\"autoEnableThumbnail\":\"false\",\"overwritePDFOutline\":\"false\",\"direction\":\"1\",\"pageSize\":\"0\",\"source\":\"https:\\\/\\\/marskinrahasto.fi\\\/wp-content\\\/uploads\\\/2020\\\/09\\\/Marskin_salattu_rahasto.pdf\",\"wpOptions\":\"true\"}; if(window.DFLIP && window.DFLIP.parseBooks){window.DFLIP.parseBooks();}<\/script><\/code><\/div>\n<\/div>\n<\/div>\n<\/div>\n<div id=\"submitdiv\" class=\"postbox \">\n<div class=\"postbox-header\">\n<div class=\"handle-actions hide-if-no-js\"><\/div>\n<\/div>\n<\/div>\n<\/div><\/section>\n","protected":false},"excerpt":{"rendered":"","protected":false},"author":1,"featured_media":0,"parent":608,"menu_order":2,"comment_status":"closed","ping_status":"closed","template":"","meta":{"footnotes":""},"class_list":["post-679","page","type-page","status-publish","hentry"],"_links":{"self":[{"href":"https:\/\/marskinrahasto.fi\/index.php\/wp-json\/wp\/v2\/pages\/679","targetHints":{"allow":["GET"]}}],"collection":[{"href":"https:\/\/marskinrahasto.fi\/index.php\/wp-json\/wp\/v2\/pages"}],"about":[{"href":"https:\/\/marskinrahasto.fi\/index.php\/wp-json\/wp\/v2\/types\/page"}],"author":[{"embeddable":true,"href":"https:\/\/marskinrahasto.fi\/index.php\/wp-json\/wp\/v2\/users\/1"}],"replies":[{"embeddable":true,"href":"https:\/\/marskinrahasto.fi\/index.php\/wp-json\/wp\/v2\/comments?post=679"}],"version-history":[{"count":3,"href":"https:\/\/marskinrahasto.fi\/index.php\/wp-json\/wp\/v2\/pages\/679\/revisions"}],"predecessor-version":[{"id":970,"href":"https:\/\/marskinrahasto.fi\/index.php\/wp-json\/wp\/v2\/pages\/679\/revisions\/970"}],"up":[{"embeddable":true,"href":"https:\/\/marskinrahasto.fi\/index.php\/wp-json\/wp\/v2\/pages\/608"}],"wp:attachment":[{"href":"https:\/\/marskinrahasto.fi\/index.php\/wp-json\/wp\/v2\/media?parent=679"}],"curies":[{"name":"wp","href":"https:\/\/api.w.org\/{rel}","templated":true}]}}