{"id":604,"date":"2025-08-28T10:10:46","date_gmt":"2025-08-28T10:10:46","guid":{"rendered":"https:\/\/marskinrahasto.fi\/?page_id=604"},"modified":"2026-03-08T13:41:09","modified_gmt":"2026-03-08T13:41:09","slug":"apurahat-ja-hakeminen","status":"publish","type":"page","link":"https:\/\/marskinrahasto.fi\/index.php\/apurahat-ja-hakeminen\/","title":{"rendered":"Apurahat ja hakeminen"},"content":{"rendered":"<div id='full_slider_1'  class='avia-fullwidth-slider main_color avia-shadow   avia-builder-el-0  el_before_av_heading  avia-builder-el-first   container_wrap sidebar_right'  >\n<style type=\"text\/css\" data-created_by=\"avia_inline_auto\" id=\"style-css-av-z7zu-a732c9a827b529ad994dfdf16a9f3892\">\n#top .avia-slideshow .av-slideshow-caption.av-z7zu-a732c9a827b529ad994dfdf16a9f3892__0 .avia-caption-content{\ncolor:#21599e;\n}\n<\/style>\n<div  class='avia-slideshow av-z7zu-a732c9a827b529ad994dfdf16a9f3892 avia-slideshow-featured av_slideshow_full avia-slide-slider av-slideshow-ui av-control-default av-slideshow-manual av-loop-once av-loop-manual-endless av-default-height-applied   avia-slideshow-1' data-slideshow-options=\"{&quot;animation&quot;:&quot;slide&quot;,&quot;autoplay&quot;:false,&quot;loop_autoplay&quot;:&quot;once&quot;,&quot;interval&quot;:5,&quot;loop_manual&quot;:&quot;manual-endless&quot;,&quot;autoplay_stopper&quot;:false,&quot;noNavigation&quot;:false,&quot;bg_slider&quot;:false,&quot;keep_padding&quot;:false,&quot;hoverpause&quot;:false,&quot;show_slide_delay&quot;:0}\"  itemprop=\"image\" itemscope=\"itemscope\" itemtype=\"https:\/\/schema.org\/ImageObject\" ><ul class='avia-slideshow-inner ' style='padding-bottom: 28.666666666667%;'><li  class='avia-slideshow-slide av-z7zu-a732c9a827b529ad994dfdf16a9f3892__0  av-single-slide slide-1 slide-odd'><div data-rel='slideshow-1' class='avia-slide-wrap '   ><div class='av-slideshow-caption av-z7zu-a732c9a827b529ad994dfdf16a9f3892__0 caption_fullwidth caption_bottom'><div class=\"container caption_container\"><div class=\"slideshow_caption\"><div class=\"slideshow_inner_caption\"><div class=\"slideshow_align_caption\"><div class='avia-caption-content av_inherit_color'  itemprop=\"description\" ><p><b> Marski kirjoittaa kirjaan. Karhum\u00e4ki 20.6.1942. SA-Kuva.<\/b><\/p>\n<\/div><\/div><\/div><\/div><\/div><\/div><img decoding=\"async\" fetchpriority=\"high\" class=\"wp-image-425 avia-img-lazy-loading-not-425\"  src=\"https:\/\/marskinrahasto.fi\/wp-content\/uploads\/2020\/09\/ots_apurahat-1500x430.png\" width=\"1500\" height=\"430\" title='' alt=''  itemprop=\"thumbnailUrl\" srcset=\"https:\/\/marskinrahasto.fi\/wp-content\/uploads\/2020\/09\/ots_apurahat.png 1500w, https:\/\/marskinrahasto.fi\/wp-content\/uploads\/2020\/09\/ots_apurahat-300x86.png 300w, https:\/\/marskinrahasto.fi\/wp-content\/uploads\/2020\/09\/ots_apurahat-1030x295.png 1030w, https:\/\/marskinrahasto.fi\/wp-content\/uploads\/2020\/09\/ots_apurahat-768x220.png 768w, https:\/\/marskinrahasto.fi\/wp-content\/uploads\/2020\/09\/ots_apurahat-705x202.png 705w\" sizes=\"(max-width: 1500px) 100vw, 1500px\" \/><\/div><\/li><\/ul><\/div><\/div><div id='after_full_slider_1'  class='main_color av_default_container_wrap container_wrap sidebar_right'  ><div class='container av-section-cont-open' ><div class='template-page content  av-content-small alpha units'><div class='post-entry post-entry-type-page post-entry-604'><div class='entry-content-wrapper clearfix'>\n\n<style type=\"text\/css\" data-created_by=\"avia_inline_auto\" id=\"style-css-av-av_heading-1e54185279fab6841cdfc432cb6ea5bf\">\n#top .av-special-heading.av-av_heading-1e54185279fab6841cdfc432cb6ea5bf{\npadding-bottom:10px;\n}\nbody .av-special-heading.av-av_heading-1e54185279fab6841cdfc432cb6ea5bf .av-special-heading-tag .heading-char{\nfont-size:25px;\n}\n.av-special-heading.av-av_heading-1e54185279fab6841cdfc432cb6ea5bf .av-subheading{\nfont-size:15px;\n}\n<\/style>\n<div  class='av-special-heading av-av_heading-1e54185279fab6841cdfc432cb6ea5bf av-special-heading-h2  avia-builder-el-1  el_after_av_slideshow_full  el_before_av_two_third  avia-builder-el-first '><h2 class='av-special-heading-tag'  itemprop=\"headline\"  >Rahaston apurahat ja niiden hakeminen<\/h2><div class=\"special-heading-border\"><div class=\"special-heading-inner-border\"><\/div><\/div><\/div>\n\n<style type=\"text\/css\" data-created_by=\"avia_inline_auto\" id=\"style-css-av-1qoqa-ed11920753e4be017df22332b0511486\">\n.flex_column.av-1qoqa-ed11920753e4be017df22332b0511486{\nborder-radius:0px 0px 0px 0px;\npadding:0px 0px 0px 0px;\n}\n<\/style>\n<div  class='flex_column av-1qoqa-ed11920753e4be017df22332b0511486 av_two_third  avia-builder-el-2  el_after_av_heading  el_before_av_one_third  first flex_column_div av-zero-column-padding  '     ><section  class='av_textblock_section av-kebksmfl-93376b41cff6e0e308561c6e392524f8 '   itemscope=\"itemscope\" itemtype=\"https:\/\/schema.org\/CreativeWork\" ><div class='avia_textblock'  itemprop=\"text\" ><p>Rahasto toteuttaa s\u00e4\u00e4nn\u00f6iss\u00e4 m\u00e4\u00e4ritetty\u00e4 teht\u00e4v\u00e4\u00e4ns\u00e4 my\u00f6nt\u00e4m\u00e4ll\u00e4 apurahoja kotimaassa ja ulkomailla teht\u00e4v\u00e4\u00e4 sotatieteellist\u00e4 tutkimusta tai opiskelua varten. Tukea on osoitettu my\u00f6s sotatieteellisten julkaisujen valmistamiseen. <a href=\"https:\/\/marskinrahasto.fi\/index.php\/myonnettyja-apurahoja\/myonnetyt-apurahat-ja-stipendit-2010-2019\/\">Vuosina 2010-2019 on tuettu muun muassa seuraavia tutkimuksia<\/a><strong>.\u00a0<\/strong><\/p>\n<p>Lis\u00e4ksi rahasto on my\u00f6nt\u00e4nyt juhlavuosinaan tunnustuspalkintoja sek\u00e4 apurahoja yhteis\u00f6ille ja henkil\u00f6ille, jotka ovat pitk\u00e4j\u00e4nteisesti ja vaikuttavasti osallistuneet sotatieteelliseen tutkimukseen tai sen tekemisen tukemiseen.<\/p>\n<p>Apurahoja voivat anoa ensisijaisesti palveluksessa olevat upseerit sek\u00e4 evp-upseerit. Kuitenkin my\u00f6s muilla sotilashenkil\u00f6ill\u00e4 sek\u00e4 siviilihenkil\u00f6ill\u00e4 on mahdollisuus apurahojen hakemiseen. Apurahan my\u00f6nt\u00e4misen edellytyksen\u00e4 on, ett\u00e4 hakemus perustuu k\u00e4ynniss\u00e4 tai k\u00e4ynnistym\u00e4ss\u00e4 olevaan sotatieteelliseen tutkimukseen, josta on olemassa ainakin alustava tutkimussuunnitelma.<\/p>\n<p>Rahasto ei tue virkaty\u00f6n\u00e4 teht\u00e4v\u00e4\u00e4 sotatieteiden maisterin tutkintoon, esiupseerikurssin opiskeluun tai yleisesikuntaupseerin tutkintoon liittyv\u00e4\u00e4 tutkimusty\u00f6t\u00e4 eik\u00e4 niihin rinnastettavaa tutkimusty\u00f6t\u00e4.<\/p>\n<p>Apurahaa voi hakea t\u00e4ytt\u00e4m\u00e4ll\u00e4 kotisivujen liitteen\u00e4 olevan hakukaavakkeen ja l\u00e4hett\u00e4m\u00e4ll\u00e4 sen s\u00e4hk\u00f6postitse rahaston sihteeri-varainhoitajalle.<\/p>\n<p>Anomukset k\u00e4sitell\u00e4\u00e4n hoitokunnan kokousten yhteydess\u00e4. Hoitokunta kokoontuu 4-6 kertaa vuodessa. Kokousten ajankohdista ja muista tarvittavista lis\u00e4tiedoista tiedotetaan rahaston kotisivuilla. Sihteeri-varainhoitaja vastaa my\u00f6s mielell\u00e4\u00e4n mahdollisiin apurahoja koskeviin kysymyksiin ja tiedusteluihin.<\/p>\n<p><strong>Hakulomake<\/strong><\/p>\n<ul>\n<li><a href=\"https:\/\/marskinrahasto.fi\/wp-content\/uploads\/2021\/02\/Apurahahakemus.pdf\" target=\"_blank\" rel=\"noopener\">Apurahahakemus (PDF)<\/a><\/li>\n<li><a href=\"https:\/\/marskinrahasto.fi\/wp-content\/uploads\/2021\/02\/Apurahahakemus.doc\" target=\"_blank\" rel=\"noopener\">Apurahahakemus (doc)<\/a><\/li>\n<\/ul>\n<\/div><\/section><\/div>\n<style type=\"text\/css\" data-created_by=\"avia_inline_auto\" id=\"style-css-av-vamy-9ebd1a72ef094d9ca55aa31689e19768\">\n.flex_column.av-vamy-9ebd1a72ef094d9ca55aa31689e19768{\nborder-radius:0px 0px 0px 0px;\npadding:0px 0px 0px 0px;\n}\n<\/style>\n<div  class='flex_column av-vamy-9ebd1a72ef094d9ca55aa31689e19768 av_one_third  avia-builder-el-4  el_after_av_two_third  avia-builder-el-last  flex_column_div av-zero-column-padding  '     ><style type=\"text\/css\" data-created_by=\"avia_inline_auto\" id=\"style-css-av-ked5t169-3f17e4ec6400a68e0638d833d4bac830\">\n.avia-image-container.av-ked5t169-3f17e4ec6400a68e0638d833d4bac830 img.avia_image{\nbox-shadow:none;\n}\n.avia-image-container.av-ked5t169-3f17e4ec6400a68e0638d833d4bac830 .av-image-caption-overlay-center{\ncolor:#ffffff;\n}\n<\/style>\n<div  class='avia-image-container av-ked5t169-3f17e4ec6400a68e0638d833d4bac830 av-styling- avia-align-center  avia-builder-el-5  avia-builder-el-no-sibling '   itemprop=\"image\" itemscope=\"itemscope\" itemtype=\"https:\/\/schema.org\/ImageObject\" ><div class=\"avia-image-container-inner\"><div class=\"avia-image-overlay-wrap\"><img decoding=\"async\" fetchpriority=\"high\" class='wp-image-199 avia-img-lazy-loading-not-199 avia_image ' src=\"https:\/\/marskinrahasto.fi\/wp-content\/uploads\/2020\/08\/SMMSR-MONORGRAMMI.png\" alt='' title='SMMSR-MONORGRAMMI'  height=\"390\" width=\"310\"  itemprop=\"thumbnailUrl\" srcset=\"https:\/\/marskinrahasto.fi\/wp-content\/uploads\/2020\/08\/SMMSR-MONORGRAMMI.png 310w, https:\/\/marskinrahasto.fi\/wp-content\/uploads\/2020\/08\/SMMSR-MONORGRAMMI-238x300.png 238w\" sizes=\"(max-width: 310px) 100vw, 310px\" \/><\/div><\/div><\/div><\/div><\/p>\n","protected":false},"excerpt":{"rendered":"","protected":false},"author":1,"featured_media":0,"parent":0,"menu_order":7,"comment_status":"closed","ping_status":"closed","template":"","meta":{"footnotes":""},"class_list":["post-604","page","type-page","status-publish","hentry"],"_links":{"self":[{"href":"https:\/\/marskinrahasto.fi\/index.php\/wp-json\/wp\/v2\/pages\/604","targetHints":{"allow":["GET"]}}],"collection":[{"href":"https:\/\/marskinrahasto.fi\/index.php\/wp-json\/wp\/v2\/pages"}],"about":[{"href":"https:\/\/marskinrahasto.fi\/index.php\/wp-json\/wp\/v2\/types\/page"}],"author":[{"embeddable":true,"href":"https:\/\/marskinrahasto.fi\/index.php\/wp-json\/wp\/v2\/users\/1"}],"replies":[{"embeddable":true,"href":"https:\/\/marskinrahasto.fi\/index.php\/wp-json\/wp\/v2\/comments?post=604"}],"version-history":[{"count":4,"href":"https:\/\/marskinrahasto.fi\/index.php\/wp-json\/wp\/v2\/pages\/604\/revisions"}],"predecessor-version":[{"id":936,"href":"https:\/\/marskinrahasto.fi\/index.php\/wp-json\/wp\/v2\/pages\/604\/revisions\/936"}],"wp:attachment":[{"href":"https:\/\/marskinrahasto.fi\/index.php\/wp-json\/wp\/v2\/media?parent=604"}],"curies":[{"name":"wp","href":"https:\/\/api.w.org\/{rel}","templated":true}]}}