{"id":403,"date":"2020-09-06T12:50:09","date_gmt":"2020-09-06T12:50:09","guid":{"rendered":"https:\/\/marski.ylirotu.fi\/?page_id=403"},"modified":"2026-03-08T12:42:23","modified_gmt":"2026-03-08T12:42:23","slug":"ansioituneiden-jarjestojen-palkinnot-vanha","status":"publish","type":"page","link":"https:\/\/marskinrahasto.fi\/index.php\/extranet\/ansioituneiden-jarjestojen-palkinnot-vanha\/","title":{"rendered":"Ansioituneiden j\u00e4rjest\u00f6jen palkinnot vanha"},"content":{"rendered":"<div id='full_slider_1'  class='avia-fullwidth-slider main_color avia-shadow   avia-builder-el-0  el_before_av_heading  avia-builder-el-first   container_wrap sidebar_right'  ><\/div><div id='after_full_slider_1'  class='main_color av_default_container_wrap container_wrap sidebar_right'  ><div class='container av-section-cont-open' ><div class='template-page content  av-content-small alpha units'><div class='post-entry post-entry-type-page post-entry-403'><div class='entry-content-wrapper clearfix'>\n\n<style type=\"text\/css\" data-created_by=\"avia_inline_auto\" id=\"style-css-av-ker3dz9l-711434bc27f53e9225ebdc6c50365932\">\n#top .av-special-heading.av-ker3dz9l-711434bc27f53e9225ebdc6c50365932{\npadding-bottom:10px;\n}\nbody .av-special-heading.av-ker3dz9l-711434bc27f53e9225ebdc6c50365932 .av-special-heading-tag .heading-char{\nfont-size:25px;\n}\n.av-special-heading.av-ker3dz9l-711434bc27f53e9225ebdc6c50365932 .av-subheading{\nfont-size:15px;\n}\n<\/style>\n<div  class='av-special-heading av-ker3dz9l-711434bc27f53e9225ebdc6c50365932 av-special-heading-h2  avia-builder-el-1  el_after_av_slideshow_full  el_before_av_textblock  avia-builder-el-first '><h2 class='av-special-heading-tag'  itemprop=\"headline\"  >Ansioituneiden j\u00e4rjest\u00f6jen palkinnot<\/h2><div class=\"special-heading-border\"><div class=\"special-heading-inner-border\"><\/div><\/div><\/div>\n<section  class='av_textblock_section av-12avm-a163e314471521c83f977aa799b5b60c '   itemscope=\"itemscope\" itemtype=\"https:\/\/schema.org\/CreativeWork\" ><div class='avia_textblock'  itemprop=\"text\" ><p>Vuodesta 2007 l\u00e4htien Rahasto on palkinnut joka viides vuosi organisaatioita sotatieteellisist\u00e4 ansioista.<\/p>\n<h4><strong>Vuonna 2018<\/strong><\/h4>\n<p><strong>Kadettikunta 60 000 \u20ac<\/strong><br \/>\nKadettikunta on kadettiupseerien maanpuolustusaattellinen veljesyhdistys. Tunnustuspalkinnolla Rahasto tukee Kadettikunnan 100-vuotishistoriikin tekemist\u00e4.<\/p>\n<p><strong>Suomen sotatieteellinen seura 30 000 \u20ac<\/strong><br \/>\nSuomen sotatieteellinen seura edist\u00e4\u00e4 ja tukee sotatieteellist\u00e4 tutkimusty\u00f6t\u00e4 ja sotatieteiden harrastusta. Rahasto tukee tunnustuspalkinnollaan Sotatieteellist\u00e4 Seuraa sen j\u00e4rjest\u00e4m\u00e4n seminaarisarjan toteuttamisessa.<\/p>\n<h4>Vuonna 2007 palkittiin my\u00f6s<\/h4>\n<p><strong>Suomen sotatieteellinen seura\u00a040 000 \u20ac<\/strong><br \/>\nSuomen sotatieteellinen seura edist\u00e4\u00e4 ja tukee sotatieteellist\u00e4 tutkimusty\u00f6t\u00e4 ja sotatieteiden harrastusta. Seura on tehnyt arvokasta ja pyyteet\u00f6nt\u00e4 ty\u00f6t\u00e4 jo vuodesta 1927 l\u00e4htien.<\/p>\n<p><strong>Kadettikunta\u00a020 000 \u20ac<\/strong><br \/>\nKadettikoulun k\u00e4yneiden upseerien ja kadettien maanpuolustusaattellinen veljesyhdistys, jolla vahvistetaan upseeriston aatteellista lujuutta sek\u00e4 yll\u00e4pidet\u00e4\u00e4n upseeriston arvostusta ja asemaa yhteiskunnassa.<\/p>\n<\/div><\/section>\n","protected":false},"excerpt":{"rendered":"","protected":false},"author":1,"featured_media":0,"parent":569,"menu_order":3,"comment_status":"closed","ping_status":"closed","template":"","meta":{"footnotes":""},"class_list":["post-403","page","type-page","status-publish","hentry"],"_links":{"self":[{"href":"https:\/\/marskinrahasto.fi\/index.php\/wp-json\/wp\/v2\/pages\/403","targetHints":{"allow":["GET"]}}],"collection":[{"href":"https:\/\/marskinrahasto.fi\/index.php\/wp-json\/wp\/v2\/pages"}],"about":[{"href":"https:\/\/marskinrahasto.fi\/index.php\/wp-json\/wp\/v2\/types\/page"}],"author":[{"embeddable":true,"href":"https:\/\/marskinrahasto.fi\/index.php\/wp-json\/wp\/v2\/users\/1"}],"replies":[{"embeddable":true,"href":"https:\/\/marskinrahasto.fi\/index.php\/wp-json\/wp\/v2\/comments?post=403"}],"version-history":[{"count":4,"href":"https:\/\/marskinrahasto.fi\/index.php\/wp-json\/wp\/v2\/pages\/403\/revisions"}],"predecessor-version":[{"id":945,"href":"https:\/\/marskinrahasto.fi\/index.php\/wp-json\/wp\/v2\/pages\/403\/revisions\/945"}],"up":[{"embeddable":true,"href":"https:\/\/marskinrahasto.fi\/index.php\/wp-json\/wp\/v2\/pages\/569"}],"wp:attachment":[{"href":"https:\/\/marskinrahasto.fi\/index.php\/wp-json\/wp\/v2\/media?parent=403"}],"curies":[{"name":"wp","href":"https:\/\/api.w.org\/{rel}","templated":true}]}}