{"id":28,"date":"2020-08-26T14:01:14","date_gmt":"2020-08-26T14:01:14","guid":{"rendered":"https:\/\/marski.ylirotu.fi\/?page_id=28"},"modified":"2026-03-08T12:41:18","modified_gmt":"2026-03-08T12:41:18","slug":"tunnustuspalkinnot-vanha","status":"publish","type":"page","link":"https:\/\/marskinrahasto.fi\/index.php\/extranet\/tunnustuspalkinnot-vanha\/","title":{"rendered":"Tunnustuspalkinnot vanha"},"content":{"rendered":"<div id='full_slider_1'  class='avia-fullwidth-slider main_color avia-shadow   avia-builder-el-0  el_before_av_heading  avia-builder-el-first   container_wrap sidebar_right'  >\n<style type=\"text\/css\" data-created_by=\"avia_inline_auto\" id=\"style-css-av-2599s-3de5db8625bca826ceb76aeec55c1822\">\n#top .avia-slideshow .av-slideshow-caption.av-2599s-3de5db8625bca826ceb76aeec55c1822__0 .avia-caption-content{\ncolor:#21599e;\n}\n<\/style>\n<div  class='avia-slideshow av-2599s-3de5db8625bca826ceb76aeec55c1822 avia-slideshow-featured av_slideshow_full avia-slide-slider av-slideshow-ui av-control-default av-slideshow-manual av-loop-once av-loop-manual-endless av-default-height-applied   avia-slideshow-1' data-slideshow-options=\"{&quot;animation&quot;:&quot;slide&quot;,&quot;autoplay&quot;:false,&quot;loop_autoplay&quot;:&quot;once&quot;,&quot;interval&quot;:5,&quot;loop_manual&quot;:&quot;manual-endless&quot;,&quot;autoplay_stopper&quot;:false,&quot;noNavigation&quot;:false,&quot;bg_slider&quot;:false,&quot;keep_padding&quot;:false,&quot;hoverpause&quot;:false,&quot;show_slide_delay&quot;:0}\"  itemprop=\"image\" itemscope=\"itemscope\" itemtype=\"https:\/\/schema.org\/ImageObject\" ><ul class='avia-slideshow-inner ' style='padding-bottom: 28.666666666667%;'><li  class='avia-slideshow-slide av-2599s-3de5db8625bca826ceb76aeec55c1822__0  av-single-slide slide-1 slide-odd'><div data-rel='slideshow-1' class='avia-slide-wrap '   ><div class='av-slideshow-caption av-2599s-3de5db8625bca826ceb76aeec55c1822__0 caption_fullwidth caption_bottom'><div class=\"container caption_container\"><div class=\"slideshow_caption\"><div class=\"slideshow_inner_caption\"><div class=\"slideshow_align_caption\"><div class='avia-caption-content av_inherit_color'  itemprop=\"description\" ><p><b>Marsalkka ja kenraali Heinrichs varustautuvat l\u00e4ht\u00f6\u00f6n. Petroskoin tie, 27.09.1941. SA-Kuva<\/b><\/p>\n<\/div><\/div><\/div><\/div><\/div><\/div><img decoding=\"async\" fetchpriority=\"high\" class=\"wp-image-417 avia-img-lazy-loading-not-417\"  src=\"https:\/\/marskinrahasto.fi\/wp-content\/uploads\/2020\/09\/ots_tunnustuspalkinto-1500x430.png\" width=\"1500\" height=\"430\" title='' alt='Marsalkka pit\u00e4\u00e4 katselmusta, puhuttelee upseereita ja miehi\u00e4 ja kiitt\u00e4\u00e4 heit\u00e4 urhoollisuudesta ja sitkeydest\u00e4. Hanko 14.12.1941. SA-Kuva'  itemprop=\"thumbnailUrl\" srcset=\"https:\/\/marskinrahasto.fi\/wp-content\/uploads\/2020\/09\/ots_tunnustuspalkinto.png 1500w, https:\/\/marskinrahasto.fi\/wp-content\/uploads\/2020\/09\/ots_tunnustuspalkinto-300x86.png 300w, https:\/\/marskinrahasto.fi\/wp-content\/uploads\/2020\/09\/ots_tunnustuspalkinto-1030x295.png 1030w, https:\/\/marskinrahasto.fi\/wp-content\/uploads\/2020\/09\/ots_tunnustuspalkinto-768x220.png 768w, https:\/\/marskinrahasto.fi\/wp-content\/uploads\/2020\/09\/ots_tunnustuspalkinto-705x202.png 705w\" sizes=\"(max-width: 1500px) 100vw, 1500px\" \/><\/div><\/li><\/ul><\/div><\/div><div id='after_full_slider_1'  class='main_color av_default_container_wrap container_wrap sidebar_right'  ><div class='container av-section-cont-open' ><div class='template-page content  av-content-small alpha units'><div class='post-entry post-entry-type-page post-entry-28'><div class='entry-content-wrapper clearfix'>\n\n<style type=\"text\/css\" data-created_by=\"avia_inline_auto\" id=\"style-css-av-av_heading-ee65d58ea9bab453326e98b3c481e461\">\n#top .av-special-heading.av-av_heading-ee65d58ea9bab453326e98b3c481e461{\npadding-bottom:10px;\n}\nbody .av-special-heading.av-av_heading-ee65d58ea9bab453326e98b3c481e461 .av-special-heading-tag .heading-char{\nfont-size:25px;\n}\n.av-special-heading.av-av_heading-ee65d58ea9bab453326e98b3c481e461 .av-subheading{\nfont-size:15px;\n}\n<\/style>\n<div  class='av-special-heading av-av_heading-ee65d58ea9bab453326e98b3c481e461 av-special-heading-h2  avia-builder-el-1  el_after_av_slideshow_full  el_before_av_one_full  avia-builder-el-first '><h2 class='av-special-heading-tag'  itemprop=\"headline\"  >Tunnustuspalkinnot<\/h2><div class=\"special-heading-border\"><div class=\"special-heading-inner-border\"><\/div><\/div><\/div>\n\n<style type=\"text\/css\" data-created_by=\"avia_inline_auto\" id=\"style-css-av-2cids-efaf73f72e870cee847394047088ebfc\">\n.flex_column.av-2cids-efaf73f72e870cee847394047088ebfc{\nborder-radius:0px 0px 0px 0px;\npadding:0px 0px 0px 0px;\n}\n<\/style>\n<div  class='flex_column av-2cids-efaf73f72e870cee847394047088ebfc av_one_full  avia-builder-el-2  el_after_av_heading  avia-builder-el-last  first flex_column_div av-zero-column-padding  '     ><p><section  class='av_textblock_section av-14p58-35a7d78f1db7b3b3afcf3d3c5e87c32c '   itemscope=\"itemscope\" itemtype=\"https:\/\/schema.org\/CreativeWork\" ><div class='avia_textblock'  itemprop=\"text\" ><p>Rahasto my\u00f6nt\u00e4\u00e4 joka viides vuosi el\u00e4m\u00e4nty\u00f6palkinnon sek\u00e4 ansioituneiden tutkijoiden palkintoja.<\/p>\n<p>El\u00e4m\u00e4nty\u00f6palkinto jaettiin ensimm\u00e4isen kerran vuonna 2002. Palkinnon perustelut vaihtelevat, mutta yhteinen nimitt\u00e4j\u00e4 on se, ett\u00e4 palkittu on tehnyt mittavan el\u00e4m\u00e4nty\u00f6n sotatieteellisen tutkimuksen tai maanpuolustuksen saralla.<\/p>\n<p>Perinne palkita ansioituneita tutkijoita heid\u00e4n henkil\u00f6kohtaisista sotatieteellisist\u00e4 ansioistaan aloitettiin puolestaan vuonna 2007.<\/p>\n<\/div><\/section><br \/>\n\n<style type=\"text\/css\" data-created_by=\"avia_inline_auto\" id=\"style-css-av-vdvs-aeb41fdf580a8dc8d216b8eb2da7c647\">\n.avia-image-container.av-vdvs-aeb41fdf580a8dc8d216b8eb2da7c647 img.avia_image{\nbox-shadow:none;\n}\n.avia-image-container.av-vdvs-aeb41fdf580a8dc8d216b8eb2da7c647 .av-image-caption-overlay-center{\ncolor:#ffffff;\n}\n<\/style>\n<div  class='avia-image-container av-vdvs-aeb41fdf580a8dc8d216b8eb2da7c647 av-styling- avia-align-center  avia-builder-el-4  el_after_av_textblock  el_before_av_textblock '   itemprop=\"image\" itemscope=\"itemscope\" itemtype=\"https:\/\/schema.org\/ImageObject\" ><div class=\"avia-image-container-inner\"><div class=\"avia-image-overlay-wrap\"><img decoding=\"async\" fetchpriority=\"high\" class='wp-image-106 avia-img-lazy-loading-not-106 avia_image ' src=\"https:\/\/marskinrahasto.fi\/wp-content\/uploads\/2020\/08\/04061937-300x248.jpg\" alt='' title='04061937'  height=\"248\" width=\"300\"  itemprop=\"thumbnailUrl\" srcset=\"https:\/\/marskinrahasto.fi\/wp-content\/uploads\/2020\/08\/04061937-300x248.jpg 300w, https:\/\/marskinrahasto.fi\/wp-content\/uploads\/2020\/08\/04061937-1030x850.jpg 1030w, https:\/\/marskinrahasto.fi\/wp-content\/uploads\/2020\/08\/04061937-768x634.jpg 768w, https:\/\/marskinrahasto.fi\/wp-content\/uploads\/2020\/08\/04061937-705x582.jpg 705w, https:\/\/marskinrahasto.fi\/wp-content\/uploads\/2020\/08\/04061937.jpg 1241w\" sizes=\"(max-width: 300px) 100vw, 300px\" \/><\/div><\/div><\/div><br \/>\n<section  class='av_textblock_section av-kebhcr05-363d75669e0078520098f9059980fb32 '   itemscope=\"itemscope\" itemtype=\"https:\/\/schema.org\/CreativeWork\" ><div class='avia_textblock'  itemprop=\"text\" ><p>Sotamarsalkka Mannerheim astumassa kodistaan Kaivopuistossa 70-vuotisp\u00e4iv\u00e4n\u00e4\u00e4n 4. kes\u00e4kuuta 1937. H\u00e4nen takanaan on kenraali Martola, joka toimi p\u00e4iv\u00e4n seremoniamestarina, sek\u00e4 adjutantti, eversti Sven Bj\u00f6rkman, joka oli rahaston ensimm\u00e4inen sihteeri. Narsisseja sirottelevat naapuritaloissa asuvat Tha\u00efs Horn (Helsingin kaupungin komendantin, eversti Walter Hornin tyt\u00e4r) ja Margareta Gustafsson (p\u00e4\u00e4majoitusmestarina toimineen kenraali Werner Gustafssonin tyt\u00e4r).\u00a0<i>Mannerheim-museo.<\/i><\/p>\n<\/div><\/section><\/p><\/div>\n","protected":false},"excerpt":{"rendered":"","protected":false},"author":1,"featured_media":0,"parent":569,"menu_order":3,"comment_status":"closed","ping_status":"closed","template":"","meta":{"footnotes":""},"class_list":["post-28","page","type-page","status-publish","hentry"],"_links":{"self":[{"href":"https:\/\/marskinrahasto.fi\/index.php\/wp-json\/wp\/v2\/pages\/28","targetHints":{"allow":["GET"]}}],"collection":[{"href":"https:\/\/marskinrahasto.fi\/index.php\/wp-json\/wp\/v2\/pages"}],"about":[{"href":"https:\/\/marskinrahasto.fi\/index.php\/wp-json\/wp\/v2\/types\/page"}],"author":[{"embeddable":true,"href":"https:\/\/marskinrahasto.fi\/index.php\/wp-json\/wp\/v2\/users\/1"}],"replies":[{"embeddable":true,"href":"https:\/\/marskinrahasto.fi\/index.php\/wp-json\/wp\/v2\/comments?post=28"}],"version-history":[{"count":15,"href":"https:\/\/marskinrahasto.fi\/index.php\/wp-json\/wp\/v2\/pages\/28\/revisions"}],"predecessor-version":[{"id":942,"href":"https:\/\/marskinrahasto.fi\/index.php\/wp-json\/wp\/v2\/pages\/28\/revisions\/942"}],"up":[{"embeddable":true,"href":"https:\/\/marskinrahasto.fi\/index.php\/wp-json\/wp\/v2\/pages\/569"}],"wp:attachment":[{"href":"https:\/\/marskinrahasto.fi\/index.php\/wp-json\/wp\/v2\/media?parent=28"}],"curies":[{"name":"wp","href":"https:\/\/api.w.org\/{rel}","templated":true}]}}