{"id":26,"date":"2020-08-26T14:01:14","date_gmt":"2020-08-26T14:01:14","guid":{"rendered":"https:\/\/marski.ylirotu.fi\/?page_id=26"},"modified":"2026-03-08T12:42:04","modified_gmt":"2026-03-08T12:42:04","slug":"ansioituneiden-tutkijoiden-palkinnot-vanha","status":"publish","type":"page","link":"https:\/\/marskinrahasto.fi\/index.php\/extranet\/ansioituneiden-tutkijoiden-palkinnot-vanha\/","title":{"rendered":"Ansioituneiden tutkijoiden palkinnot vanha"},"content":{"rendered":"<div id='full_slider_1'  class='avia-fullwidth-slider main_color avia-shadow   avia-builder-el-0  el_before_av_heading  avia-builder-el-first   container_wrap sidebar_right'  ><\/div><div id='after_full_slider_1'  class='main_color av_default_container_wrap container_wrap sidebar_right'  ><div class='container av-section-cont-open' ><div class='template-page content  av-content-small alpha units'><div class='post-entry post-entry-type-page post-entry-26'><div class='entry-content-wrapper clearfix'>\n\n<style type=\"text\/css\" data-created_by=\"avia_inline_auto\" id=\"style-css-av-av_heading-b563b16ff5bbd37cd69f436aeebf5578\">\n#top .av-special-heading.av-av_heading-b563b16ff5bbd37cd69f436aeebf5578{\npadding-bottom:10px;\n}\nbody .av-special-heading.av-av_heading-b563b16ff5bbd37cd69f436aeebf5578 .av-special-heading-tag .heading-char{\nfont-size:25px;\n}\n.av-special-heading.av-av_heading-b563b16ff5bbd37cd69f436aeebf5578 .av-subheading{\nfont-size:15px;\n}\n<\/style>\n<div  class='av-special-heading av-av_heading-b563b16ff5bbd37cd69f436aeebf5578 av-special-heading-h2  avia-builder-el-1  el_after_av_slideshow_full  el_before_av_textblock  avia-builder-el-first '><h2 class='av-special-heading-tag'  itemprop=\"headline\"  >Ansioituneiden tutkijoiden palkinnot<\/h2><div class=\"special-heading-border\"><div class=\"special-heading-inner-border\"><\/div><\/div><\/div>\n<section  class='av_textblock_section av-12avm-a163e314471521c83f977aa799b5b60c '   itemscope=\"itemscope\" itemtype=\"https:\/\/schema.org\/CreativeWork\" ><div class='avia_textblock'  itemprop=\"text\" ><p>Vuodesta 2007 l\u00e4htien Rahasto on palkinnut joka viides vuosi tutkijoita henkil\u00f6kohtaisista sotatieteellisist\u00e4 ansioista.<\/p>\n<h4><strong>Vuonna 2018<\/strong><\/h4>\n<p><strong>Prikaatikenraali\u00a0(my\u00f6h. kenraalimajuri) Vesa Tynkkynen<\/strong><br \/>\nMPKK:n ensimm\u00e4inen operaatiotaidon ja taktiikan professori, joka on opettajan teht\u00e4viss\u00e4\u00e4n vaikuttanut merkitt\u00e4v\u00e4sti suomalaiseen upseerikoulutukseen. Kenraali Tynkkynen v\u00e4itteli 1996 Helsingin yliopistossa filosofian tohtoriksi, aiheenaan suomalaisen taktiikan kehittyminen itsen\u00e4isyytemme alusta 1950-luvun alkupuoliskolle. H\u00e4nen tutkimuksensa suomalaisen sotataidon kehittymisest\u00e4 osana l\u00e4nsimaista sotataitoa on tarjonnut perustan ja pohjan suomalaisen sotataidon tutkimuksen jatkamiselle. H\u00e4nen julkaisutoimintansa kattaa lukuisia artikkeleita, jotka k\u00e4sittelev\u00e4t mm. sotien j\u00e4lkeist\u00e4 sotataidon kehityst\u00e4 ja puolustusj\u00e4rjestelm\u00e4n synty\u00e4.<\/p>\n<h4>Vuonna 2012 palkittiin kuusi tutkijaa, jotka saivat kukin 7 500 \u20ac palkinnon<\/h4>\n<p><strong>Dosentti Stefan Forss<\/strong><br \/>\nTurvallisuus- ja puolustuspolitiikan johtava tutkija Ulkoasiainministeri\u00f6ss\u00e4 sek\u00e4 MPKK:n dosentti strategian alalta, joka on tuottanut arvioita ja analyysej\u00e4 erilaisista ajankohtaisista aiheista koskien niin Ven\u00e4j\u00e4\u00e4, Yhdysvaltoja, Pohjois-Koreaa ja Irania. Dosentti Forssin osaaminen on palvellut ulko- ja turvallisuuspoliittista p\u00e4\u00e4t\u00f6ksentekoa. H\u00e4nelle on 2008 my\u00f6nnetty 3. luokan Vapaudenristi h\u00e4nen ansioistaan Sotaveteraanity\u00f6n parissa.<\/p>\n<p><strong>Filosofian maisteri Alpo Kariniemi<\/strong><br \/>\nR\u00e4j\u00e4hdealan tutkimusalajohtaja on tehnyt Puolustusvoimissa yli 30 vuoden uran, opettaen sotilasr\u00e4j\u00e4hdeasioita 1980-luvulta alkaen eri sotakouluissa. H\u00e4n on pidetty, asiallinen ja vaativa opettaja. FM Kariniemi on osallistunut 1990-luvulla merkitt\u00e4v\u00e4ll\u00e4 panoksella merivoimien her\u00e4temiinan kehitt\u00e4misty\u00f6h\u00f6n, tutkinut 2000-luvun alkupuolella aerosolir\u00e4j\u00e4hteit\u00e4 ja sen j\u00e4lkeen termobaarisia r\u00e4j\u00e4hteit\u00e4. H\u00e4n on my\u00f6s R\u00e4j\u00e4hdeyhdistyksen perustajaj\u00e4sen ja toiminut sen ensimm\u00e4isen\u00e4 puheenjohtajana. Vuonna 1987 perustettu yhdistys toimii alan keskeisen\u00e4 kouluttajana kooten yhteen puolustusvoimien lis\u00e4ksi siviilitoimijat ja koko teollisuuden.<\/p>\n<p><strong>Tekniikan tohtori Visa Koivunen<\/strong><br \/>\nAalto Yliopistossa toimiva signaalink\u00e4sittelyn professori on kansainv\u00e4lisesti johtavia tutkijoita digitaalisen signaalink\u00e4sittelyn teorian ja k\u00e4yt\u00e4nn\u00f6n aloilla. H\u00e4nen erityisalansa maanpuolustuksen saralla on elektroniseen sodank\u00e4yntiin, \u00e4lykk\u00e4isiin antenneihin, passiivisiin tutkiin ja monipaikkatutkiin, radiopaikantamiseen sek\u00e4 h\u00e4irint\u00e4\u00e4 siet\u00e4viin navigointij\u00e4rjestelmiin liittyv\u00e4 tutkimus ja opetus.<\/p>\n<p>Professori Visa Koivunen on vuonna 2015 saanut EURASIP tiedepalkinnon ja lis\u00e4ksi maailman merkitt\u00e4vin insin\u00f6\u00f6rij\u00e4rjest\u00f6 IEEE valitsi h\u00e4net \u201darvostetuksi luennoitsijaksi\u201d signaalink\u00e4sittelyn alalla.<\/p>\n<p><strong>Insin\u00f6\u00f6rieverstiluutnantti Jyri Kosola<\/strong><br \/>\nPuolustusvoimien teknillisen tutkimuslaitoksen johtaja on pitk\u00e4ll\u00e4 urallaan Puolustusvoimissa varmistanut ja vastannut teknologisen kehityksen huomioimisesta tulevaisuuden suorituskykyjen kehitt\u00e4misess\u00e4. Insin\u00f6\u00f6rieverstiluutnantti Jyri Kosola on merkitt\u00e4v\u00e4ll\u00e4 tavalla luonut systematiikkaa ja metodipohjaa koko prosessiin, mist\u00e4 on hyv\u00e4n\u00e4 esimerkkin\u00e4 mm. uusi puolustusvoimien teknologiastrategia.<\/p>\n<p>Kosola on my\u00f6s edist\u00e4nyt puolustusj\u00e4rjestelm\u00e4n kehitt\u00e4mist\u00e4 monipuolisella kirjallisella panoksellaan ja luennoimalla aktiivisesti.<\/p>\n<p><strong>Emeritusprofessori (KT, Dos, Evl) Jarmo Toiskallio<\/strong><br \/>\nKuuluisimpia ja yhteiskunnallisesti eniten vaikuttaneita kansainv\u00e4lisi\u00e4 sotilaspedagogeja, joka toimi MPKK:n sotilaspedagogiikan professorin virassa vuoteen 2009 saakka. Emeritusprofessori Toiskallio on vaikuttanut merkitt\u00e4v\u00e4ll\u00e4 tavalla puolustusvoimien koulutuksen ja koulutuskulttuurin kehitt\u00e4miseen sek\u00e4 sotilaspedagogiikan tieteenalan ja oppiaineen kehittymiseen. H\u00e4n mm. loi sotilaan toimintakyvyn k\u00e4sitteen, mik\u00e4 on avannut useita yhteisty\u00f6verkostoja eri tutkimustahojen kanssa.<\/p>\n<p><strong>Professori Kirsi Virrantaus<\/strong><br \/>\nYksi kansainv\u00e4lisesti tunnustetuimmista suomalaisista paikkatietoalan uranuurtajista, joka on vaikuttanut merkitt\u00e4v\u00e4sti paikkatietoalan tutkimukseen ja opetukseen Suomessa, ja puolustusvoimissa. H\u00e4nen tutkimustoimintansa p\u00e4\u00e4alueet ovat spatiaaliset analyysi- ja tiedonlouhintamenetelm\u00e4t sek\u00e4 sovellusaloina turvallisuusala, maank\u00e4yt\u00f6n suunnittelu ja liikenne.<\/p>\n<h4>Vuonna 2007 palkittiin viisi tutkijaa, jotka saivat kukin 5 000 \u20ac palkinnon<\/h4>\n<p><strong>Professori Kaisa Nyberg<\/strong><br \/>\nMaamme johtava jonosalausmenetelmien ja kryptologian asiantuntija, joka johtaa Kryptologian tutkimusryhm\u00e4\u00e4 Teknillisess\u00e4 korkeakoulussa. H\u00e4nen johdollaan kehitet\u00e4\u00e4n ty\u00f6kaluja salausteknisten algoritmien toteuttamiseen, joilla voidaan est\u00e4\u00e4 erityisesti sivukanavahy\u00f6kk\u00e4yksi\u00e4. Professori Nybergin tieteellinen tuotanto on mittava ja h\u00e4nen ansionsa omalla alallaan maanpuolustuksen hyv\u00e4ksi ovat merkitt\u00e4vi\u00e4.<\/p>\n<p><strong>Tutkija Olli Harinen<\/strong><br \/>\nSotilassosiologian tutkija, joka on tehnyt merkitt\u00e4v\u00e4\u00e4 ty\u00f6t\u00e4 my\u00f6s sotilaspedagogiikassa ja sotilaspsykologiassa. Tutkija Harisen ominta tutkimusalaa on pienryhm\u00e4dynamiikan, erityisesti ryhm\u00e4kiinteyden tutkimus. Tutkijana h\u00e4n on k\u00e4yt\u00e4nt\u00f6\u00f6n suuntautunut ja h\u00e4n on mm. kehitt\u00e4nyt NetJotos -ohjelman, joka mahdollistaa erilaisten kyselyiden tekemisen verkossa. Tutkija Harinen on MPKK:ssa kysytty opinn\u00e4ytet\u00f6iden ohjaaja, joka omaa paljon nk. hiljaista tietoa.<\/p>\n<p><strong>Insin\u00f6\u00f6rieverstiluutnantti Mika Hyyti\u00e4inen<\/strong><br \/>\nPuolustusvoimien teknillisen tutkimuslaitoksen johtaja, tekniikan tohtori, insin\u00f6\u00f6rieverstiluunantti Mika Hyyti\u00e4inen on antanut maanpuolustukselle merkitt\u00e4v\u00e4n panostuksen tutkimalla paikkatietotekniikkaa, eli sotilaalliseen maastoanalyysiin liittyv\u00e4n tiedon hyv\u00e4ksik\u00e4yt\u00f6n mahdollisuuksia.<\/p>\n<p>Vuonna 2003 Maanpuolustuskorkeakoulun Taktiikan laitoksella aiheesta paikkatietoylivoima digitaalisella taistelukent\u00e4ll\u00e4 v\u00e4itellyt tohtori on erikoistunut maanpuolustuksen kannalta t\u00e4rke\u00e4\u00e4n tulevaisuuden alaan, suomalaisen sotataidon kehitt\u00e4miseen erityisesti digitaalisen ja hybridisodank\u00e4ynnin osalta.<\/p>\n<p><strong>Professori Pentti Lepp\u00e4nen<\/strong><br \/>\nOulun yliopistossa toimiva uranuurtaja uusien laajakaistaisten radiotiedonsiirron menetelmien tutkimuksessa ja niiden k\u00e4yt\u00e4nn\u00f6n sovelluksissa. Kansainv\u00e4list\u00e4 arvostusta nauttiva professori Lepp\u00e4nen aloitti hajaspektritekniikkaan perustuvan radiotiedonsiirron tutkimuksen, joka mahdollistaa sotilastietoliikenteess\u00e4 eritt\u00e4in h\u00e4irint\u00e4sietoisten ja tiedustelulta suojattujen radioj\u00e4rjestelmien kehitt\u00e4misen. H\u00e4nen tutkimusryhm\u00e4ns\u00e4 toimii uranuurtajana my\u00f6s ohjelmistoradiotekniikan tutkimuksessa ja k\u00e4ytt\u00f6\u00f6notossa.<\/p>\n<p><strong>Prikaatikenraali Vesa Tynkkynen<\/strong><br \/>\nMPKK:n ensimm\u00e4inen operaatiotaidon ja taktiikan professori, joka on opettajan teht\u00e4viss\u00e4\u00e4n vaikuttanut merkitt\u00e4v\u00e4sti suomalaiseen upseerikoulutukseen. Kenraali Tynkkynen v\u00e4itteli 1996 Helsingin yliopistossa filosofian tohtoriksi, aiheenaan suomalaisen taktiikan kehittyminen itsen\u00e4isyytemme alusta 1950-luvun alkupuoliskolle. H\u00e4nen tutkimuksensa suomalaisen sotataidon kehittymisest\u00e4 osana l\u00e4nsimaista sotataitoa on tarjonnut perustan ja pohjan suomalaisen sotataidon tutkimuksen jatkamiselle. H\u00e4nen julkaisutoimintansa kattaa lukuisia artikkeleita, jotka k\u00e4sittelev\u00e4t mm. sotien j\u00e4lkeist\u00e4 sotataidon kehityst\u00e4 ja puolustusj\u00e4rjestelm\u00e4n synty\u00e4.<\/p>\n<\/div><\/section>\n","protected":false},"excerpt":{"rendered":"","protected":false},"author":1,"featured_media":0,"parent":569,"menu_order":2,"comment_status":"closed","ping_status":"closed","template":"","meta":{"footnotes":""},"class_list":["post-26","page","type-page","status-publish","hentry"],"_links":{"self":[{"href":"https:\/\/marskinrahasto.fi\/index.php\/wp-json\/wp\/v2\/pages\/26","targetHints":{"allow":["GET"]}}],"collection":[{"href":"https:\/\/marskinrahasto.fi\/index.php\/wp-json\/wp\/v2\/pages"}],"about":[{"href":"https:\/\/marskinrahasto.fi\/index.php\/wp-json\/wp\/v2\/types\/page"}],"author":[{"embeddable":true,"href":"https:\/\/marskinrahasto.fi\/index.php\/wp-json\/wp\/v2\/users\/1"}],"replies":[{"embeddable":true,"href":"https:\/\/marskinrahasto.fi\/index.php\/wp-json\/wp\/v2\/comments?post=26"}],"version-history":[{"count":7,"href":"https:\/\/marskinrahasto.fi\/index.php\/wp-json\/wp\/v2\/pages\/26\/revisions"}],"predecessor-version":[{"id":944,"href":"https:\/\/marskinrahasto.fi\/index.php\/wp-json\/wp\/v2\/pages\/26\/revisions\/944"}],"up":[{"embeddable":true,"href":"https:\/\/marskinrahasto.fi\/index.php\/wp-json\/wp\/v2\/pages\/569"}],"wp:attachment":[{"href":"https:\/\/marskinrahasto.fi\/index.php\/wp-json\/wp\/v2\/media?parent=26"}],"curies":[{"name":"wp","href":"https:\/\/api.w.org\/{rel}","templated":true}]}}