{"id":24,"date":"2020-08-26T14:01:14","date_gmt":"2020-08-26T14:01:14","guid":{"rendered":"https:\/\/marski.ylirotu.fi\/?page_id=24"},"modified":"2026-03-08T12:07:08","modified_gmt":"2026-03-08T12:07:08","slug":"etusivu-vanha","status":"publish","type":"page","link":"https:\/\/marskinrahasto.fi\/index.php\/extranet\/ajankohtaisia-hankkeita-vanha\/etusivu-vanha\/","title":{"rendered":"Aselajitaktiikat vanha"},"content":{"rendered":"<div id='full_slider_1'  class='avia-fullwidth-slider main_color avia-shadow   avia-builder-el-0  el_before_av_heading  avia-builder-el-first   container_wrap sidebar_right'  ><\/div><div id='after_full_slider_1'  class='main_color av_default_container_wrap container_wrap sidebar_right'  ><div class='container av-section-cont-open' ><div class='template-page content  av-content-small alpha units'><div class='post-entry post-entry-type-page post-entry-24'><div class='entry-content-wrapper clearfix'>\n\n<style type=\"text\/css\" data-created_by=\"avia_inline_auto\" id=\"style-css-av-ked2wwmo-d7f4c4223523d3f7d1421440c2788498\">\n#top .av-special-heading.av-ked2wwmo-d7f4c4223523d3f7d1421440c2788498{\npadding-bottom:10px;\n}\nbody .av-special-heading.av-ked2wwmo-d7f4c4223523d3f7d1421440c2788498 .av-special-heading-tag .heading-char{\nfont-size:25px;\n}\n.av-special-heading.av-ked2wwmo-d7f4c4223523d3f7d1421440c2788498 .av-subheading{\nfont-size:15px;\n}\n<\/style>\n<div  class='av-special-heading av-ked2wwmo-d7f4c4223523d3f7d1421440c2788498 av-special-heading-h2  avia-builder-el-1  el_after_av_slideshow_full  el_before_av_textblock  avia-builder-el-first '><h2 class='av-special-heading-tag'  itemprop=\"headline\"  >Aselajitaktiikat<\/h2><div class=\"special-heading-border\"><div class=\"special-heading-inner-border\"><\/div><\/div><\/div>\n<section  class='av_textblock_section av-kebh7vnr-ae50d98d56d844c64fa5902a4a2a0330 '   itemscope=\"itemscope\" itemtype=\"https:\/\/schema.org\/CreativeWork\" ><div class='avia_textblock'  itemprop=\"text\" ><h3>SUOMI 100 VUOTTA TUTKIMUSHANKE<\/h3>\n<p><strong>ASELAJITAKTIIKAT &#8211; osa taktista ja operatiivista ajattelua<\/strong><\/p>\n<p>Vuonna 1999 her\u00e4si ajatus Suomen itsen\u00e4istymisest\u00e4 nykyp\u00e4iv\u00e4\u00e4n ulottuvan, aselajien ja keskeisten toimialojen taktiikan kehittymist\u00e4 koskettelevan laajan tutkimushankkeen k\u00e4ynnist\u00e4misest\u00e4. Vuosituhannen vaihteessa aika ei viel\u00e4 ollut kyps\u00e4, eik\u00e4 t\u00e4llaista laajaa tutkimushanketta saatu viel\u00e4 k\u00e4ynnistetty\u00e4.<\/p>\n<p>Helmikuussa 2013 Maanpuolustuskorkeakoulun Sotahistorian laitoksella laadittiin alustava projektisuunnitelma hankkeen k\u00e4ynnist\u00e4miseksi. Ajatuksena oli toteuttaa laaja tutkimusten sarja, joissa tarkasteltaisiin kunkin aselajin ja keskeisten toimialojen taktiikan kehittymist\u00e4 ja niiden asemaa osana laajempaa operatiivista ajattelua. Kukin tutkimus leikkaisi aselajitaktiikoiden kehityst\u00e4 Suomen koko 100 vuoden itsen\u00e4isyyden ajalta.<\/p>\n<p>Laaditun suunnitelman perusteella l\u00e4hetettiin helmikuun lopulla vuonna 2013 Suomen Marsalkka Mannerheimin Sotatieteelliselle Rahastolle apuraha-anomus siin\u00e4 vaiheessa seitsem\u00e4n laajan osatutkimuksen rahoittamiseksi. Professori Vesa Tynkkynen esitteli hanketta rahaston hoitokunnan kokouksessa toukokuussa ja kes\u00e4kuussa 2013 hoitokunta antoi periaatteellisen hyv\u00e4ksymisen rahoituksesta. P\u00e4\u00e4t\u00f6ksen perusteella Tynkkynen piti projektin johtajana ensimm\u00e4isen kirjoittajakokouksen jo saman vuoden syyskuussa.<\/p>\n<p>Rahasto p\u00e4\u00e4tti johtokunnan kokouksessa joulukuussa 2013 rahoituksen osoittamisesta seuraaville vuosille. Kokonaisbudjetti kirjoittaja-apurahoihin ja painokustannusten tukemiseen on noussut vuoteen 2017 menness\u00e4 vajaaseen 300 000 euroon. Kokouksessaan hoitokunta nimesi alkavan suurprojektin rahaston panokseksi Suomi 100 vuotta ja Puolustusvoimat 100 vuotta teemaan.<\/p>\n<p>Sarja muodostaa suomalaisen sotataidon kehitykseen paneutuvan tutkimuskokonaisuuden, joka kuuluu jokaisen sotahistoriaan syventyv\u00e4n tutkijan kirjahyllyyn ja alasta kiinnostuneen lukijan k\u00e4teen. Kirjasarja muodostaa my\u00f6s uuden oppimateriaalikokonaisuuden upseerikoulutuksen osaksi eri tutkintotasoilla.<\/p>\n<p>Sarjan ensimm\u00e4isen\u00e4 ilmestyi vuonna 2017 itsen\u00e4isen Suomen tykist\u00f6taktiikan kehityst\u00e4 kuvaava teos. T\u00e4ll\u00e4 hetkell\u00e4 ovat ilmestyneet lis\u00e4ksi tiedustelu-, jalkav\u00e4ki-, panssari-, ilmatorjunta- ja pioneeritaktiikan kehityst\u00e4 tutkivat teokset. Oheisista linkeist\u00e4 p\u00e4\u00e4see kyseisiin teoksiin.<\/p>\n<p><strong>Pasi Kesseli<br \/>\n<\/strong><em>Tykist\u00f6 taistelee tulellaan<\/em>\u00a0 <a href=\"https:\/\/www.doria.fi\/handle\/10024\/144136\">https:\/\/www.doria.fi\/handle\/10024\/144136<\/a><\/p>\n<p><strong>Marko Palokangas<br \/>\n<\/strong><em>Hankitun tiedon varassa<\/em>\u00a0\u00a0 <a href=\"https:\/\/www.doria.fi\/handle\/10024\/156930\">https:\/\/www.doria.fi\/handle\/10024\/156930<\/a><\/p>\n<p><strong>Hannu Liimatta<br \/>\n<\/strong><em>Ulkomaisista esikuvista kohti omaper\u00e4isempi\u00e4 ratkaisuja<\/em><br \/>\n<a href=\"https:\/\/www.doria.fi\/handle\/10024\/162577\">https:\/\/www.doria.fi\/handle\/10024\/162577<\/a><\/p>\n<p><strong>Petteri Jouko<br \/>\n<\/strong><em>Ylijohdon reservi\u00a0\u00a0 <\/em><br \/>\n<a href=\"https:\/\/www.doria.fi\/handle\/10024\/172850\">https:\/\/www.doria.fi\/handle\/10024\/172850<\/a><\/p>\n<p><strong>Jussi Pajunen<br \/>\n<\/strong><em>Tulisuluista tappioiden tuottamiseen<\/em>\u00a0\u00a0 <a href=\"https:\/\/www.doria.fi\/handle\/10024\/172926\">https:\/\/www.doria.fi\/handle\/10024\/172926<\/a><\/p>\n<p><strong>Janne M\u00e4kitalo<br \/>\n<\/strong><em>R\u00e4j\u00e4ht\u00e4v\u00e4\u00e4 voimaa 1<\/em><br \/>\n<a href=\"https:\/\/www.doria.fi\/handle\/10024\/173047\">https:\/\/www.doria.fi\/handle\/10024\/173047<\/a><br \/>\nja <em>R\u00e4j\u00e4ht\u00e4v\u00e4\u00e4 voimaa 2<br \/>\n<\/em><a href=\"https:\/\/www.doria.fi\/handle\/10024\/173210\">https:\/\/www.doria.fi\/handle\/10024\/173210<\/a><\/p>\n<\/div><\/section>\n<\/div><\/div><\/div><!-- close content main div --><\/div><\/div>\n<style type=\"text\/css\" data-created_by=\"avia_inline_auto\" id=\"style-css-av-av_section-5b0d7e9faf2e6b213752cbf510dbce99\">\n.avia-section.av-av_section-5b0d7e9faf2e6b213752cbf510dbce99{\nbackground-repeat:no-repeat;\nbackground-image:url(https:\/\/marskinrahasto.fi\/wp-content\/uploads\/2025\/08\/pohja_tausta.png);\nbackground-position:0% 0%;\nbackground-attachment:scroll;\n}\n<\/style>\n<div id='av_section_1'  class='avia-section av-av_section-5b0d7e9faf2e6b213752cbf510dbce99 main_color avia-section-default avia-no-border-styling  avia-builder-el-3  el_after_av_textblock  avia-builder-el-last  avia-bg-style-scroll container_wrap sidebar_right'  data-section-bg-repeat='no-repeat'><div class='container av-section-cont-open' ><div class='template-page content  av-content-small alpha units'><div class='post-entry post-entry-type-page post-entry-24'><div class='entry-content-wrapper clearfix'>\n<div  class='flex_column av-av_one_fourth-048119fdb636ea3d70edc0b975509c6c av_one_fourth  avia-builder-el-4  el_before_av_one_fourth  avia-builder-el-first  first flex_column_div  '     ><style type=\"text\/css\" data-created_by=\"avia_inline_auto\" id=\"style-css-av-av_image-eb4ded42b98e2e2d5540315bc71bc46c\">\n.avia-image-container.av-av_image-eb4ded42b98e2e2d5540315bc71bc46c img.avia_image{\nbox-shadow:none;\n}\n.avia-image-container.av-av_image-eb4ded42b98e2e2d5540315bc71bc46c .av-image-caption-overlay-center{\ncolor:#ffffff;\n}\n<\/style>\n<div  class='avia-image-container av-av_image-eb4ded42b98e2e2d5540315bc71bc46c av-styling- avia-align-center  avia-builder-el-5  avia-builder-el-no-sibling '   itemprop=\"image\" itemscope=\"itemscope\" itemtype=\"https:\/\/schema.org\/ImageObject\" ><div class=\"avia-image-container-inner\"><div class=\"avia-image-overlay-wrap\"><img decoding=\"async\" fetchpriority=\"high\" class='wp-image-839 avia-img-lazy-loading-not-839 avia_image ' src=\"https:\/\/marskinrahasto.fi\/wp-content\/uploads\/2025\/08\/monogrammi_pieni.png\" alt='' title='monogrammi_pieni'  height=\"219\" width=\"174\"  itemprop=\"thumbnailUrl\"  \/><\/div><\/div><\/div><\/div><div  class='flex_column av-av_one_fourth-feecfcc73494c68bb0d1632d1d5c38ae av_one_fourth  avia-builder-el-6  el_after_av_one_fourth  el_before_av_one_fourth  flex_column_div  '     ><style type=\"text\/css\" data-created_by=\"avia_inline_auto\" id=\"style-css-av-av_textblock-b2c078f79ae9a9b990fdb4a943e3116f\">\n#top .av_textblock_section.av-av_textblock-b2c078f79ae9a9b990fdb4a943e3116f .avia_textblock{\ncolor:#ffffff;\n}\n<\/style>\n<section  class='av_textblock_section av-av_textblock-b2c078f79ae9a9b990fdb4a943e3116f '   itemscope=\"itemscope\" itemtype=\"https:\/\/schema.org\/CreativeWork\" ><div class='avia_textblock av_inherit_color'  itemprop=\"text\" ><p><strong>Rahasto<br \/>\n<\/strong><\/p>\n<p>Rahaston tarkoitukseksi Mannerheim m\u00e4\u00e4r\u00e4si Suomen puolustuslaitoksen upseerien sotilaallisten opintojen, tutkimusty\u00f6n ja sotilasurheilun harrastelun tukemisen.<\/p>\n<p>Rahaston varoja h\u00e4n m\u00e4\u00e4r\u00e4si hoidettavaksi niin, ett\u00e4 ne riitt\u00e4isiv\u00e4t v\u00e4hint\u00e4\u00e4n viideksitoista vuodeksi.<\/p>\n<\/div><\/section><\/div><div  class='flex_column av-av_one_fourth-feecfcc73494c68bb0d1632d1d5c38ae av_one_fourth  avia-builder-el-8  el_after_av_one_fourth  el_before_av_one_fourth  flex_column_div  '     ><style type=\"text\/css\" data-created_by=\"avia_inline_auto\" id=\"style-css-av-av_textblock-b2c078f79ae9a9b990fdb4a943e3116f\">\n#top .av_textblock_section.av-av_textblock-b2c078f79ae9a9b990fdb4a943e3116f .avia_textblock{\ncolor:#ffffff;\n}\n<\/style>\n<section  class='av_textblock_section av-av_textblock-b2c078f79ae9a9b990fdb4a943e3116f '   itemscope=\"itemscope\" itemtype=\"https:\/\/schema.org\/CreativeWork\" ><div class='avia_textblock av_inherit_color'  itemprop=\"text\" ><p><strong>Yhteystiedot<\/strong><\/p>\n<p>Suomen Marsalkka Mannerheimin Sotatieteellinen Rahasto<br \/>\nc\/o Antti Hauvala<br \/>\nP\u00e4\u00e4esikunta<br \/>\nPL 919, 00131 HELSINKI<\/p>\n<\/div><\/section><\/div><div  class='flex_column av-av_one_fourth-feecfcc73494c68bb0d1632d1d5c38ae av_one_fourth  avia-builder-el-10  el_after_av_one_fourth  avia-builder-el-last  flex_column_div  '     ><style type=\"text\/css\" data-created_by=\"avia_inline_auto\" id=\"style-css-av-av_textblock-b2c078f79ae9a9b990fdb4a943e3116f\">\n#top .av_textblock_section.av-av_textblock-b2c078f79ae9a9b990fdb4a943e3116f .avia_textblock{\ncolor:#ffffff;\n}\n<\/style>\n<section  class='av_textblock_section av-av_textblock-b2c078f79ae9a9b990fdb4a943e3116f '   itemscope=\"itemscope\" itemtype=\"https:\/\/schema.org\/CreativeWork\" ><div class='avia_textblock av_inherit_color'  itemprop=\"text\" ><p><strong>Sihteeri-varainhoitaja<\/strong><\/p>\n<p>ev Antti Hauvala<br \/>\nantti.hauvala@mil.fi<\/p>\n<\/div><\/section><\/div>\n<\/div><\/div><\/div><!-- close content main div --><\/div><\/div><div id='after_section_1'  class='main_color av_default_container_wrap container_wrap sidebar_right'  ><div class='container av-section-cont-open' ><div class='template-page content  av-content-small alpha units'><div class='post-entry post-entry-type-page post-entry-24'><div class='entry-content-wrapper clearfix'>\n","protected":false},"excerpt":{"rendered":"","protected":false},"author":1,"featured_media":0,"parent":27,"menu_order":1,"comment_status":"closed","ping_status":"closed","template":"","meta":{"footnotes":""},"class_list":["post-24","page","type-page","status-publish","hentry"],"_links":{"self":[{"href":"https:\/\/marskinrahasto.fi\/index.php\/wp-json\/wp\/v2\/pages\/24","targetHints":{"allow":["GET"]}}],"collection":[{"href":"https:\/\/marskinrahasto.fi\/index.php\/wp-json\/wp\/v2\/pages"}],"about":[{"href":"https:\/\/marskinrahasto.fi\/index.php\/wp-json\/wp\/v2\/types\/page"}],"author":[{"embeddable":true,"href":"https:\/\/marskinrahasto.fi\/index.php\/wp-json\/wp\/v2\/users\/1"}],"replies":[{"embeddable":true,"href":"https:\/\/marskinrahasto.fi\/index.php\/wp-json\/wp\/v2\/comments?post=24"}],"version-history":[{"count":7,"href":"https:\/\/marskinrahasto.fi\/index.php\/wp-json\/wp\/v2\/pages\/24\/revisions"}],"predecessor-version":[{"id":940,"href":"https:\/\/marskinrahasto.fi\/index.php\/wp-json\/wp\/v2\/pages\/24\/revisions\/940"}],"up":[{"embeddable":true,"href":"https:\/\/marskinrahasto.fi\/index.php\/wp-json\/wp\/v2\/pages\/27"}],"wp:attachment":[{"href":"https:\/\/marskinrahasto.fi\/index.php\/wp-json\/wp\/v2\/media?parent=24"}],"curies":[{"name":"wp","href":"https:\/\/api.w.org\/{rel}","templated":true}]}}