{"id":21,"date":"2020-08-26T14:01:14","date_gmt":"2020-08-26T14:01:14","guid":{"rendered":"https:\/\/marski.ylirotu.fi\/?page_id=21"},"modified":"2026-03-08T12:44:19","modified_gmt":"2026-03-08T12:44:19","slug":"saannot-vanha","status":"publish","type":"page","link":"https:\/\/marskinrahasto.fi\/index.php\/extranet\/saannot-vanha\/","title":{"rendered":"S\u00e4\u00e4nn\u00f6t vanha"},"content":{"rendered":"<div id='full_slider_1'  class='avia-fullwidth-slider main_color avia-shadow   avia-builder-el-0  el_before_av_heading  avia-builder-el-first   container_wrap sidebar_right'  >\n<style type=\"text\/css\" data-created_by=\"avia_inline_auto\" id=\"style-css-av-xen1-c6c70af4649bac5137af19d981b570e5\">\n#top .avia-slideshow .av-slideshow-caption.av-xen1-c6c70af4649bac5137af19d981b570e5__0 .avia-caption-content{\ncolor:#21599e;\n}\n<\/style>\n<div  class='avia-slideshow av-xen1-c6c70af4649bac5137af19d981b570e5 avia-slideshow-featured av_slideshow_full avia-slide-slider av-slideshow-ui av-control-default av-slideshow-manual av-loop-once av-loop-manual-endless av-default-height-applied   avia-slideshow-1' data-slideshow-options=\"{&quot;animation&quot;:&quot;slide&quot;,&quot;autoplay&quot;:false,&quot;loop_autoplay&quot;:&quot;once&quot;,&quot;interval&quot;:5,&quot;loop_manual&quot;:&quot;manual-endless&quot;,&quot;autoplay_stopper&quot;:false,&quot;noNavigation&quot;:false,&quot;bg_slider&quot;:false,&quot;keep_padding&quot;:false,&quot;hoverpause&quot;:false,&quot;show_slide_delay&quot;:0}\"  itemprop=\"image\" itemscope=\"itemscope\" itemtype=\"https:\/\/schema.org\/ImageObject\" ><ul class='avia-slideshow-inner ' style='padding-bottom: 28.666666666667%;'><li  class='avia-slideshow-slide av-xen1-c6c70af4649bac5137af19d981b570e5__0  av-single-slide slide-1 slide-odd'><div data-rel='slideshow-1' class='avia-slide-wrap '   ><div class='av-slideshow-caption av-xen1-c6c70af4649bac5137af19d981b570e5__0 caption_fullwidth caption_bottom'><div class=\"container caption_container\"><div class=\"slideshow_caption\"><div class=\"slideshow_inner_caption\"><div class=\"slideshow_align_caption\"><div class='avia-caption-content av_inherit_color'  itemprop=\"description\" ><p><b>Kadettien korottajaistilaisuus Tasavallan Presidentin linnassa.<br \/>\nHelsinki, Presidentin linna, 4.6.1943. SA.Kuva.<\/b><\/p>\n<\/div><\/div><\/div><\/div><\/div><\/div><img decoding=\"async\" fetchpriority=\"high\" class=\"wp-image-422 avia-img-lazy-loading-not-422\"  src=\"https:\/\/marskinrahasto.fi\/wp-content\/uploads\/2020\/09\/ots_saannot-1500x430.png\" width=\"1500\" height=\"430\" title='' alt=''  itemprop=\"thumbnailUrl\" srcset=\"https:\/\/marskinrahasto.fi\/wp-content\/uploads\/2020\/09\/ots_saannot.png 1500w, https:\/\/marskinrahasto.fi\/wp-content\/uploads\/2020\/09\/ots_saannot-300x86.png 300w, https:\/\/marskinrahasto.fi\/wp-content\/uploads\/2020\/09\/ots_saannot-1030x295.png 1030w, https:\/\/marskinrahasto.fi\/wp-content\/uploads\/2020\/09\/ots_saannot-768x220.png 768w, https:\/\/marskinrahasto.fi\/wp-content\/uploads\/2020\/09\/ots_saannot-705x202.png 705w\" sizes=\"(max-width: 1500px) 100vw, 1500px\" \/><\/div><\/li><\/ul><\/div><\/div><div id='after_full_slider_1'  class='main_color av_default_container_wrap container_wrap sidebar_right'  ><div class='container av-section-cont-open' ><div class='template-page content  av-content-small alpha units'><div class='post-entry post-entry-type-page post-entry-21'><div class='entry-content-wrapper clearfix'>\n\n<style type=\"text\/css\" data-created_by=\"avia_inline_auto\" id=\"style-css-av-av_heading-34246fd809ede3b030229afa387943db\">\n#top .av-special-heading.av-av_heading-34246fd809ede3b030229afa387943db{\npadding-bottom:10px;\n}\nbody .av-special-heading.av-av_heading-34246fd809ede3b030229afa387943db .av-special-heading-tag .heading-char{\nfont-size:25px;\n}\n.av-special-heading.av-av_heading-34246fd809ede3b030229afa387943db .av-subheading{\nfont-size:15px;\n}\n<\/style>\n<div  class='av-special-heading av-av_heading-34246fd809ede3b030229afa387943db av-special-heading-h2  avia-builder-el-1  el_after_av_slideshow_full  el_before_av_textblock  avia-builder-el-first '><h2 class='av-special-heading-tag'  itemprop=\"headline\"  >S\u00e4\u00e4nn\u00f6t<\/h2><div class=\"special-heading-border\"><div class=\"special-heading-inner-border\"><\/div><\/div><\/div>\n<section  class='av_textblock_section av-kebkoo59-b8907e7e6378d60522ed6a4e37e913f9 '   itemscope=\"itemscope\" itemtype=\"https:\/\/schema.org\/CreativeWork\" ><div class='avia_textblock'  itemprop=\"text\" ><p><em><strong>Rahastolla on aikojen saatossa ollut kolmet s\u00e4\u00e4nn\u00f6t, joista kahdet ensimm\u00e4iset \u2013 vuosilta 1937 ja 1947 \u2013 ovat Suomen marsalkan itsens\u00e4 laatimat ja vahvistamat.<\/strong><\/em><\/p>\n<div style=\"width: 185px\" class=\"wp-caption alignright\"><a href=\"http:\/\/marskinrahasto.fi\/images\/Saannot1.jpg\"><img loading=\"lazy\" decoding=\"async\" src=\"http:\/\/marskinrahasto.fi\/images\/Saannot1.jpg\" alt=\"Sotamarsalkka Mannerheimin tekem\u00e4t korjaukset rahaston s\u00e4\u00e4nt\u00f6ihin.\" width=\"175\" height=\"1600\" \/><\/a><p class=\"wp-caption-text\">Sotamarsalkka Mannerheimin tekem\u00e4t korjaukset rahaston s\u00e4\u00e4nt\u00f6ihin.<\/p><\/div>\n<p>Rahastolla on aikojen saatossa ollut kolmet s\u00e4\u00e4nn\u00f6t, joista kahdet ensimm\u00e4iset \u2013 vuosilta 1937 ja 1947 \u2013 ovat Suomen marsalkan itsens\u00e4 laatimat ja vahvistamat. Mannerheim selv\u00e4stikin koki sotien j\u00e4lkeen, ett\u00e4 yhteiskunnassa oli tarve t\u00e4m\u00e4nkaltaiselle rahastolle. Vuoden 1947 s\u00e4\u00e4nt\u00f6muutoksella h\u00e4n pyrki turvaamaan rahaston olemassaolon ja sen hengen mukaisen toiminnan mahdollisimman pitk\u00e4lle tulevaisuuteen.<\/p>\n<p>Suurimmat erot l\u00f6ytyv\u00e4t vuosien 1937 ja 1947 s\u00e4\u00e4nt\u00f6jen v\u00e4lill\u00e4, kun taas vuonna 1977 vahvistetussa, viimeisimm\u00e4ss\u00e4 s\u00e4\u00e4nt\u00f6muutoksessa s\u00e4\u00e4nt\u00f6j\u00e4 on l\u00e4hinn\u00e4 ajanmukaistettu ja selkiytetty.<\/p>\n<h4>Rahaston tarkoitus<\/h4>\n<p>Rahaston p\u00e4\u00e4tarkoitus, upseereiden henkil\u00f6kohtaisen sotilaallisen opiskelun ja tutkimusty\u00f6n tukeminen, on pysynyt muuttumattomana rahaston koko olemassaolon ajan. Sotien vaikutus n\u00e4kyy kuitenkin selv\u00e4sti vuoden 1947 s\u00e4\u00e4nn\u00f6iss\u00e4. \u201dSotilasurheilun harrastelun\u201d sijasta sotien j\u00e4lkeen alettiin tukea \u201dvalmentautumista sodank\u00e4ynnin k\u00e4yt\u00e4nn\u00f6llisill\u00e4 aloilla\u201d. Lis\u00e4ksi kohta tuen my\u00f6nt\u00e4misest\u00e4 \u201djotain muuta sotilaallisia etuja edist\u00e4v\u00e4\u00e4 tarkoitusta varten\u201d \u2013 joka oli mahdollistanut laajan humanit\u00e4\u00e4risen toiminnan sodan aikana \u2013 korvattiin mahdollisuudella k\u00e4ytt\u00e4\u00e4 varoja taloudellisiin vaikeuksiin joutuneiden upseereiden ja heid\u00e4n perheidens\u00e4 avustamiseksi. Vuonna 1977 rahaston tarkoitus laajeni siten, ett\u00e4 my\u00f6s upseerij\u00e4rjest\u00f6j\u00e4 sek\u00e4 muidenkin kuin upseereiden tekemi\u00e4, sotatieteellist\u00e4 tutkimusta hy\u00f6dytt\u00e4vi\u00e4, t\u00f6it\u00e4 voidaan tukea.<\/p>\n<p>Ensimm\u00e4isist\u00e4 s\u00e4\u00e4nn\u00f6ist\u00e4 k\u00e4y selv\u00e4sti ilmi, miten Mannerheim pyrki toteuttamaan alkup\u00e4\u00e4oman lahjoittaneiden henkil\u00f6iden toivomuksen lahjan k\u00e4ytt\u00e4misest\u00e4 h\u00e4nen itsens\u00e4 parhaaksi katsomallaan tavalla. H\u00e4n perusti varoilla rahaston, mutta laati s\u00e4\u00e4nn\u00f6t siten, ett\u00e4 h\u00e4n itse vastasi sen varojen k\u00e4yt\u00f6st\u00e4. Kun h\u00e4n vuonna 1947 j\u00e4tti rahaston hoitokunnan, poisti h\u00e4n s\u00e4\u00e4nn\u00f6ist\u00e4 mm. kohdan, jonka mukaan johtokunnan tulee kaikessa toiminnassaan huolehtia siit\u00e4, ettei rahaston olemassaolo tule sen ulkopuolisten henkil\u00f6iden tietoon. My\u00f6s kohta, jonka mukaan hoitokunta ei ole toiminnastaan tilivelvollinen ja kohdat, joiden mukaan ainoastaan Mannerheim itse voi muuttaa s\u00e4\u00e4nt\u00f6j\u00e4 ja erimielisyyden sattuess\u00e4 h\u00e4nen mielipiteens\u00e4 ratkaisee, poistettiin. Siit\u00e4 l\u00e4htien apurahan saaneista tuli s\u00e4\u00e4nt\u00f6jen mukaan laatia luettelo ja heid\u00e4n tuli antaa rahastolle kirjallinen selvitys ty\u00f6st\u00e4\u00e4n. Rahastolla tuli siit\u00e4 l\u00e4htien olla my\u00f6s tilintarkastajat.<\/p>\n<p>Vuoden 1947 s\u00e4\u00e4nt\u00f6jen mukaan rahasto liitettiin Suomen Sotatieteellisen Seuran yhteyteen, mik\u00e4 korosti rahaston akateemista luonnetta ja mink\u00e4 tarkoituksena oli samalla helpottaa k\u00e4yt\u00e4nn\u00f6n toimintaa. Vuoden 1977 s\u00e4\u00e4nn\u00f6iss\u00e4 \u201dsotatieteellinen\u201d tuli osaksi rahaston nime\u00e4. Huolimatta yhteydest\u00e4\u00e4n Suomen Sotatieteelliseen Seuraan on rahasto koko olemassaolonsa ajan ollut t\u00e4ysin itsen\u00e4inen ja riippumaton.<\/p>\n<h4>Rahaston varat<\/h4>\n<p>Rahaston varojen oli ensimm\u00e4isten s\u00e4\u00e4nt\u00f6jen mukaan riitett\u00e4v\u00e4 v\u00e4hint\u00e4\u00e4n 15 vuotta. Kaikki sotien aikana henkil\u00f6kohtaisesti saamansa lahjoitukset Mannerheim liitti rahastoon. H\u00e4n sai lahjoituksia niin paljon, ett\u00e4 huomattavan laajasta sodanaikaisesta humanit\u00e4\u00e4risest\u00e4 toiminnasta huolimatta alkuper\u00e4isiin lahjaosakkeisiin ei ollut tarvetta koskea. Ne muodostavat t\u00e4n\u00e4kin p\u00e4iv\u00e4n\u00e4 rahaston taloudellisen perustan. Vuoden 1947 j\u00e4lkeen s\u00e4\u00e4nn\u00f6iss\u00e4 on m\u00e4\u00e4r\u00e4tty, ett\u00e4 varat tulee sijoittaa vakavaraisesti.<\/p>\n<h4>Hoitokunta<\/h4>\n<p>Mannerheim itse nimesi s\u00e4\u00e4nt\u00f6ihin ensimm\u00e4iset hoitokunnan j\u00e4senet. Jatkuvuuden h\u00e4n pyrki varmistamaan sill\u00e4, ett\u00e4 hoitokunta valitsee itse j\u00e4senens\u00e4. Suurin hoitokunnan j\u00e4seni\u00e4 koskeva muutos Mannerheimin vuonna 1947 tapahtuneen pois j\u00e4tt\u00e4ytymisen j\u00e4lkeen tehtiin s\u00e4\u00e4nt\u00f6ihin vuonna 1977, jolloin j\u00e4senille asetettiin 70 vuoden yl\u00e4ik\u00e4raja. Niinik\u00e4\u00e4n tuli mahdolliseksi kutsua henkil\u00f6it\u00e4 kunniaj\u00e4seneksi tai kunniapuheenjohtajaksi.\u00a0 Kenraaliluutnantti Esa Tarvainen kutsuttiin kunniapuheenjohtajaksi vuonna 2018.<\/p>\n<p>T\u00e4ll\u00e4 hetkell\u00e4 hoitokunnan puheenjohtajana toimii vara-amiraali Kari Takanen, varapuheenjohtajana kenraaliluutnantti Vesa Virtanen, sek\u00e4 j\u00e4senin\u00e4 kenraalimajuri Jari Kallio ja kenraalimajuri Jukka Jokinen.<\/p>\n<p><a href=\"https:\/\/marskinrahasto.fi\/wp-content\/uploads\/2020\/09\/SMMSR_saannot.pdf\" target=\"_blank\" rel=\"noopener\">Luonnos vuoden 1947 s\u00e4\u00e4nn\u00f6iksi<\/a><\/p>\n<p>S\u00e4\u00e4nn\u00f6t:<\/p>\n<p><a href=\"https:\/\/marskinrahasto.fi\/wp-content\/uploads\/2020\/09\/Rahaston_saannot_1937.pdf\" target=\"_blank\" rel=\"noopener\">Sotamarsalkka Mannerheimin rahaston s\u00e4\u00e4nn\u00f6t 1937<\/a><\/p>\n<p><a href=\"https:\/\/marskinrahasto.fi\/wp-content\/uploads\/2020\/09\/saannot47.pdf\" target=\"_blank\" rel=\"noopener\">Suomen marsalkka, vapaaherra Mannerheimin rahaston s\u00e4\u00e4nn\u00f6t 1947<\/a><\/p>\n<p><a href=\"https:\/\/marskinrahasto.fi\/wp-content\/uploads\/2020\/09\/Saannot1977.pdf\" target=\"_blank\" rel=\"noopener\">Suomen marsalkka Mannerheimin Sotatieteellisen rahaston s\u00e4\u00e4nn\u00f6t 1977<\/a><\/p>\n<\/div><\/section>\n","protected":false},"excerpt":{"rendered":"","protected":false},"author":1,"featured_media":0,"parent":569,"menu_order":6,"comment_status":"closed","ping_status":"closed","template":"","meta":{"footnotes":""},"class_list":["post-21","page","type-page","status-publish","hentry"],"_links":{"self":[{"href":"https:\/\/marskinrahasto.fi\/index.php\/wp-json\/wp\/v2\/pages\/21","targetHints":{"allow":["GET"]}}],"collection":[{"href":"https:\/\/marskinrahasto.fi\/index.php\/wp-json\/wp\/v2\/pages"}],"about":[{"href":"https:\/\/marskinrahasto.fi\/index.php\/wp-json\/wp\/v2\/types\/page"}],"author":[{"embeddable":true,"href":"https:\/\/marskinrahasto.fi\/index.php\/wp-json\/wp\/v2\/users\/1"}],"replies":[{"embeddable":true,"href":"https:\/\/marskinrahasto.fi\/index.php\/wp-json\/wp\/v2\/comments?post=21"}],"version-history":[{"count":12,"href":"https:\/\/marskinrahasto.fi\/index.php\/wp-json\/wp\/v2\/pages\/21\/revisions"}],"predecessor-version":[{"id":955,"href":"https:\/\/marskinrahasto.fi\/index.php\/wp-json\/wp\/v2\/pages\/21\/revisions\/955"}],"up":[{"embeddable":true,"href":"https:\/\/marskinrahasto.fi\/index.php\/wp-json\/wp\/v2\/pages\/569"}],"wp:attachment":[{"href":"https:\/\/marskinrahasto.fi\/index.php\/wp-json\/wp\/v2\/media?parent=21"}],"curies":[{"name":"wp","href":"https:\/\/api.w.org\/{rel}","templated":true}]}}