{"id":20,"date":"2020-08-26T14:01:14","date_gmt":"2020-08-26T14:01:14","guid":{"rendered":"https:\/\/marski.ylirotu.fi\/?page_id=20"},"modified":"2026-03-08T12:43:29","modified_gmt":"2026-03-08T12:43:29","slug":"historia-vanha","status":"publish","type":"page","link":"https:\/\/marskinrahasto.fi\/index.php\/extranet\/historia-vanha\/","title":{"rendered":"Historia vanha"},"content":{"rendered":"<div id='full_slider_1'  class='avia-fullwidth-slider main_color avia-shadow   avia-builder-el-0  el_before_av_heading  avia-builder-el-first   container_wrap sidebar_right'  >\n<style type=\"text\/css\" data-created_by=\"avia_inline_auto\" id=\"style-css-av-27z10-7e4837e1676c9d4d9aec0e6a72e153a2\">\n#top .avia-slideshow .av-slideshow-caption.av-27z10-7e4837e1676c9d4d9aec0e6a72e153a2__0 .avia-caption-content{\ncolor:#21599e;\n}\n<\/style>\n<div  class='avia-slideshow av-27z10-7e4837e1676c9d4d9aec0e6a72e153a2 avia-slideshow-featured av_slideshow_full avia-slide-slider av-slideshow-ui av-control-default av-slideshow-manual av-loop-once av-loop-manual-endless av-default-height-applied   avia-slideshow-1' data-slideshow-options=\"{&quot;animation&quot;:&quot;slide&quot;,&quot;autoplay&quot;:false,&quot;loop_autoplay&quot;:&quot;once&quot;,&quot;interval&quot;:5,&quot;loop_manual&quot;:&quot;manual-endless&quot;,&quot;autoplay_stopper&quot;:false,&quot;noNavigation&quot;:false,&quot;bg_slider&quot;:false,&quot;keep_padding&quot;:false,&quot;hoverpause&quot;:false,&quot;show_slide_delay&quot;:0}\"  itemprop=\"image\" itemscope=\"itemscope\" itemtype=\"https:\/\/schema.org\/ImageObject\" ><ul class='avia-slideshow-inner ' style='padding-bottom: 28.666666666667%;'><li  class='avia-slideshow-slide av-27z10-7e4837e1676c9d4d9aec0e6a72e153a2__0  av-single-slide slide-1 slide-odd'><div data-rel='slideshow-1' class='avia-slide-wrap '   ><div class='av-slideshow-caption av-27z10-7e4837e1676c9d4d9aec0e6a72e153a2__0 caption_fullwidth caption_bottom'><div class=\"container caption_container\"><div class=\"slideshow_caption\"><div class=\"slideshow_inner_caption\"><div class=\"slideshow_align_caption\"><div class='avia-caption-content av_inherit_color'  itemprop=\"description\" ><p><b>Suomen Marsalkka Mannerheimin 70 vuotisp\u00e4iv\u00e4n juhlallisuudet.<br \/>\n4.6.1937 Helsinki.<\/b><\/p>\n<\/div><\/div><\/div><\/div><\/div><\/div><img decoding=\"async\" fetchpriority=\"high\" class=\"wp-image-431 avia-img-lazy-loading-not-431\"  src=\"https:\/\/marskinrahasto.fi\/wp-content\/uploads\/2020\/09\/ots_historia-1500x430.png\" width=\"1500\" height=\"430\" title='ots_historia' alt=''  itemprop=\"thumbnailUrl\" srcset=\"https:\/\/marskinrahasto.fi\/wp-content\/uploads\/2020\/09\/ots_historia.png 1500w, https:\/\/marskinrahasto.fi\/wp-content\/uploads\/2020\/09\/ots_historia-300x86.png 300w, https:\/\/marskinrahasto.fi\/wp-content\/uploads\/2020\/09\/ots_historia-1030x295.png 1030w, https:\/\/marskinrahasto.fi\/wp-content\/uploads\/2020\/09\/ots_historia-768x220.png 768w, https:\/\/marskinrahasto.fi\/wp-content\/uploads\/2020\/09\/ots_historia-705x202.png 705w\" sizes=\"(max-width: 1500px) 100vw, 1500px\" \/><\/div><\/li><\/ul><\/div><\/div><div id='after_full_slider_1'  class='main_color av_default_container_wrap container_wrap sidebar_right'  ><div class='container av-section-cont-open' ><div class='template-page content  av-content-small alpha units'><div class='post-entry post-entry-type-page post-entry-20'><div class='entry-content-wrapper clearfix'>\n\n<style type=\"text\/css\" data-created_by=\"avia_inline_auto\" id=\"style-css-av-av_heading-06a52b697df648d7c9e62766919e4b2b\">\n#top .av-special-heading.av-av_heading-06a52b697df648d7c9e62766919e4b2b{\npadding-bottom:10px;\n}\nbody .av-special-heading.av-av_heading-06a52b697df648d7c9e62766919e4b2b .av-special-heading-tag .heading-char{\nfont-size:25px;\n}\n.av-special-heading.av-av_heading-06a52b697df648d7c9e62766919e4b2b .av-subheading{\nfont-size:15px;\n}\n<\/style>\n<div  class='av-special-heading av-av_heading-06a52b697df648d7c9e62766919e4b2b av-special-heading-h2  avia-builder-el-1  el_after_av_slideshow_full  el_before_av_one_full  avia-builder-el-first '><h2 class='av-special-heading-tag'  itemprop=\"headline\"  >Rahaston historia<\/h2><div class=\"special-heading-border\"><div class=\"special-heading-inner-border\"><\/div><\/div><\/div>\n\n<style type=\"text\/css\" data-created_by=\"avia_inline_auto\" id=\"style-css-av-1vtzo-66796d1e6a61987e0d3f965269b6b230\">\n.flex_column.av-1vtzo-66796d1e6a61987e0d3f965269b6b230{\nborder-radius:0px 0px 0px 0px;\npadding:0px 0px 0px 0px;\n}\n<\/style>\n<div  class='flex_column av-1vtzo-66796d1e6a61987e0d3f965269b6b230 av_one_full  avia-builder-el-2  el_after_av_heading  el_before_av_one_full  first flex_column_div av-zero-column-padding  '     ><section  class='av_textblock_section av-nwnw-7e7bce2a9af229d0b343725f38ff742c '   itemscope=\"itemscope\" itemtype=\"https:\/\/schema.org\/CreativeWork\" ><div class='avia_textblock'  itemprop=\"text\" ><p>Rahaston t\u00e4ytt\u00e4ess\u00e4 75 vuotta vuonna 2012, hoitokunta p\u00e4\u00e4tti julkaista teoksen rahaston vaiheista. FT Mikko Karjalaisen laatima rahaston vaiherikasta historiaa esittelev\u00e4 teos on luettavissa kokonaisuudessaan sivulla \u201dMarskin salattu rahasto\u201d<\/p>\n<p>Johtuen rahaston salaisesta luonteesta vuosina 1937\u201347, ovat sen alkuvaiheet t\u00e4h\u00e4n saakka olleet t\u00e4ysin tuntemattomat. S\u00e4ilyneen arkistomateriaalin ansiosta on rahaston ensimm\u00e4isen vuosikymmenen vaiheiden selvitt\u00e4minen kuitenkin ollut mahdollista. Rahaston alkuvaiheita valottavan ja sen historiaa t\u00e4ydent\u00e4v\u00e4n luvun on laatinut FM Vera von Fersen.<\/p>\n<\/div><\/section><\/div>\n\n<style type=\"text\/css\" data-created_by=\"avia_inline_auto\" id=\"style-css-av-1biz0-4f556065869b379bc3878b2eb00544ba\">\n.flex_column.av-1biz0-4f556065869b379bc3878b2eb00544ba{\nborder-radius:0px 0px 0px 0px;\npadding:0px 0px 0px 0px;\n}\n<\/style>\n<div  class='flex_column av-1biz0-4f556065869b379bc3878b2eb00544ba av_one_full  avia-builder-el-4  el_after_av_one_full  avia-builder-el-last  first flex_column_div av-zero-column-padding  column-top-margin'     ><p>\n<style type=\"text\/css\" data-created_by=\"avia_inline_auto\" id=\"style-css-av-14bhc-217e03c79f797338186923c08d53d05d\">\n.avia-image-container.av-14bhc-217e03c79f797338186923c08d53d05d img.avia_image{\nbox-shadow:none;\n}\n.avia-image-container.av-14bhc-217e03c79f797338186923c08d53d05d .av-image-caption-overlay-center{\ncolor:#ffffff;\n}\n<\/style>\n<div  class='avia-image-container av-14bhc-217e03c79f797338186923c08d53d05d av-styling- avia-align-center  avia-builder-el-5  el_before_av_textblock  avia-builder-el-first '   itemprop=\"image\" itemscope=\"itemscope\" itemtype=\"https:\/\/schema.org\/ImageObject\" ><div class=\"avia-image-container-inner\"><div class=\"avia-image-overlay-wrap\"><img decoding=\"async\" fetchpriority=\"high\" class='wp-image-107 avia-img-lazy-loading-not-107 avia_image ' src=\"https:\/\/marskinrahasto.fi\/wp-content\/uploads\/2020\/08\/HP331940p1-300x248.jpg\" alt='' title='HP331940p1'  height=\"248\" width=\"300\"  itemprop=\"thumbnailUrl\" srcset=\"https:\/\/marskinrahasto.fi\/wp-content\/uploads\/2020\/08\/HP331940p1-300x248.jpg 300w, https:\/\/marskinrahasto.fi\/wp-content\/uploads\/2020\/08\/HP331940p1-1030x850.jpg 1030w, https:\/\/marskinrahasto.fi\/wp-content\/uploads\/2020\/08\/HP331940p1-768x634.jpg 768w, https:\/\/marskinrahasto.fi\/wp-content\/uploads\/2020\/08\/HP331940p1-705x582.jpg 705w, https:\/\/marskinrahasto.fi\/wp-content\/uploads\/2020\/08\/HP331940p1.jpg 1241w\" sizes=\"(max-width: 300px) 100vw, 300px\" \/><\/div><\/div><\/div><br \/>\n<section  class='av_textblock_section av-kebo8ijr-6b35d760aa274386a32c381cd50eb1b9 '   itemscope=\"itemscope\" itemtype=\"https:\/\/schema.org\/CreativeWork\" ><div class='avia_textblock'  itemprop=\"text\" ><p>Sotamarsalkka keskustelemassa sotasokean kanssa Kaivopuistossa Helsingiss\u00e4 2. elokuuta 1940. Juuri t\u00e4ss\u00e4 tilaisuudessa h\u00e4n jakoi sotasokeille ensimm\u00e4iset valkoiset \u201dMarskin kepit\u201d. Keppej\u00e4 valmistettiin niin mustina kuin valkoisina Mannerheimin aloitteesta ja h\u00e4nen antamansa mallin mukaan. Ne rahoitettiin rahaston varoista.\u00a0<i>SA-kuva.<\/i><\/p>\n<\/div><\/section><\/p><\/div>\n","protected":false},"excerpt":{"rendered":"","protected":false},"author":1,"featured_media":0,"parent":569,"menu_order":5,"comment_status":"closed","ping_status":"closed","template":"","meta":{"footnotes":""},"class_list":["post-20","page","type-page","status-publish","hentry"],"_links":{"self":[{"href":"https:\/\/marskinrahasto.fi\/index.php\/wp-json\/wp\/v2\/pages\/20","targetHints":{"allow":["GET"]}}],"collection":[{"href":"https:\/\/marskinrahasto.fi\/index.php\/wp-json\/wp\/v2\/pages"}],"about":[{"href":"https:\/\/marskinrahasto.fi\/index.php\/wp-json\/wp\/v2\/types\/page"}],"author":[{"embeddable":true,"href":"https:\/\/marskinrahasto.fi\/index.php\/wp-json\/wp\/v2\/users\/1"}],"replies":[{"embeddable":true,"href":"https:\/\/marskinrahasto.fi\/index.php\/wp-json\/wp\/v2\/comments?post=20"}],"version-history":[{"count":9,"href":"https:\/\/marskinrahasto.fi\/index.php\/wp-json\/wp\/v2\/pages\/20\/revisions"}],"predecessor-version":[{"id":948,"href":"https:\/\/marskinrahasto.fi\/index.php\/wp-json\/wp\/v2\/pages\/20\/revisions\/948"}],"up":[{"embeddable":true,"href":"https:\/\/marskinrahasto.fi\/index.php\/wp-json\/wp\/v2\/pages\/569"}],"wp:attachment":[{"href":"https:\/\/marskinrahasto.fi\/index.php\/wp-json\/wp\/v2\/media?parent=20"}],"curies":[{"name":"wp","href":"https:\/\/api.w.org\/{rel}","templated":true}]}}