{"id":19,"date":"2020-08-26T14:01:14","date_gmt":"2020-08-26T14:01:14","guid":{"rendered":"https:\/\/marski.ylirotu.fi\/?page_id=19"},"modified":"2026-03-08T12:43:03","modified_gmt":"2026-03-08T12:43:03","slug":"myonnettyja-apurahoja-vanha","status":"publish","type":"page","link":"https:\/\/marskinrahasto.fi\/index.php\/extranet\/myonnettyja-apurahoja-vanha\/","title":{"rendered":"My\u00f6nnettyj\u00e4 apurahoja vanha"},"content":{"rendered":"<div id='full_slider_1'  class='avia-fullwidth-slider main_color avia-shadow   avia-builder-el-0  el_before_av_heading  avia-builder-el-first   container_wrap sidebar_right'  >\n<style type=\"text\/css\" data-created_by=\"avia_inline_auto\" id=\"style-css-av-1uzcv-48059d82c0475d625b5cb2ba70afe6f8\">\n#top #wrap_all .avia-slideshow .av-slideshow-caption.av-1uzcv-48059d82c0475d625b5cb2ba70afe6f8__0 .avia-caption-title{\ncolor:#21599e;\n}\n<\/style>\n<div  class='avia-slideshow av-1uzcv-48059d82c0475d625b5cb2ba70afe6f8 avia-slideshow-featured av_slideshow_full avia-slide-slider av-slideshow-ui av-control-default av-slideshow-manual av-loop-once av-loop-manual-endless av-default-height-applied   avia-slideshow-1' data-slideshow-options=\"{&quot;animation&quot;:&quot;slide&quot;,&quot;autoplay&quot;:false,&quot;loop_autoplay&quot;:&quot;once&quot;,&quot;interval&quot;:5,&quot;loop_manual&quot;:&quot;manual-endless&quot;,&quot;autoplay_stopper&quot;:false,&quot;noNavigation&quot;:false,&quot;bg_slider&quot;:false,&quot;keep_padding&quot;:false,&quot;hoverpause&quot;:false,&quot;show_slide_delay&quot;:0}\"  itemprop=\"image\" itemscope=\"itemscope\" itemtype=\"https:\/\/schema.org\/ImageObject\" ><ul class='avia-slideshow-inner ' style='padding-bottom: 28.666666666667%;'><li  class='avia-slideshow-slide av-1uzcv-48059d82c0475d625b5cb2ba70afe6f8__0  av-single-slide slide-1 slide-odd'><div data-rel='slideshow-1' class='avia-slide-wrap '   ><div class='av-slideshow-caption av-1uzcv-48059d82c0475d625b5cb2ba70afe6f8__0 caption_fullwidth caption_bottom'><div class=\"container caption_container\"><div class=\"slideshow_caption\"><div class=\"slideshow_inner_caption\"><div class=\"slideshow_align_caption\"><div class='avia-caption-content av_inherit_color'  itemprop=\"description\" ><p><b>Mannerheim-ristien jakotilaisuus p\u00e4\u00e4majassa Mikkeliss\u00e4 15.09.1942. SA-Kuva.<\/b><\/p>\n<\/div><\/div><\/div><\/div><\/div><\/div><img decoding=\"async\" fetchpriority=\"high\" class=\"wp-image-420 avia-img-lazy-loading-not-420\"  src=\"https:\/\/marskinrahasto.fi\/wp-content\/uploads\/2020\/09\/ots_myonnettyja_apurahoja-1500x430.png\" width=\"1500\" height=\"430\" title='' alt='Mannerheim-ristien jakotilaisuus p\u00e4\u00e4majassa, Mikkeliss\u00e4. 15.09.1942. SA-Kuva'  itemprop=\"thumbnailUrl\" srcset=\"https:\/\/marskinrahasto.fi\/wp-content\/uploads\/2020\/09\/ots_myonnettyja_apurahoja.png 1500w, https:\/\/marskinrahasto.fi\/wp-content\/uploads\/2020\/09\/ots_myonnettyja_apurahoja-300x86.png 300w, https:\/\/marskinrahasto.fi\/wp-content\/uploads\/2020\/09\/ots_myonnettyja_apurahoja-1030x295.png 1030w, https:\/\/marskinrahasto.fi\/wp-content\/uploads\/2020\/09\/ots_myonnettyja_apurahoja-768x220.png 768w, https:\/\/marskinrahasto.fi\/wp-content\/uploads\/2020\/09\/ots_myonnettyja_apurahoja-705x202.png 705w\" sizes=\"(max-width: 1500px) 100vw, 1500px\" \/><\/div><\/li><\/ul><\/div><\/div><div id='after_full_slider_1'  class='main_color av_default_container_wrap container_wrap sidebar_right'  ><div class='container av-section-cont-open' ><div class='template-page content  av-content-small alpha units'><div class='post-entry post-entry-type-page post-entry-19'><div class='entry-content-wrapper clearfix'>\n\n<style type=\"text\/css\" data-created_by=\"avia_inline_auto\" id=\"style-css-av-av_heading-d4b3465fd291c94854ff8a052aad7db7\">\n#top .av-special-heading.av-av_heading-d4b3465fd291c94854ff8a052aad7db7{\npadding-bottom:10px;\n}\nbody .av-special-heading.av-av_heading-d4b3465fd291c94854ff8a052aad7db7 .av-special-heading-tag .heading-char{\nfont-size:25px;\n}\n.av-special-heading.av-av_heading-d4b3465fd291c94854ff8a052aad7db7 .av-subheading{\nfont-size:15px;\n}\n<\/style>\n<div  class='av-special-heading av-av_heading-d4b3465fd291c94854ff8a052aad7db7 av-special-heading-h2  avia-builder-el-1  el_after_av_slideshow_full  el_before_av_two_third  avia-builder-el-first '><h2 class='av-special-heading-tag'  itemprop=\"headline\"  >Poimintoja my\u00f6nnetyist\u00e4 apurahoista<\/h2><div class=\"special-heading-border\"><div class=\"special-heading-inner-border\"><\/div><\/div><\/div>\n\n<style type=\"text\/css\" data-created_by=\"avia_inline_auto\" id=\"style-css-av-1mfhj-9adef0cf62697a8c42d4fab3d2469ffc\">\n.flex_column.av-1mfhj-9adef0cf62697a8c42d4fab3d2469ffc{\nborder-radius:0px 0px 0px 0px;\npadding:0px 0px 0px 0px;\n}\n<\/style>\n<div  class='flex_column av-1mfhj-9adef0cf62697a8c42d4fab3d2469ffc av_two_third  avia-builder-el-2  el_after_av_heading  el_before_av_one_third  first flex_column_div av-zero-column-padding  '     ><section  class='av_textblock_section av-oz0f-5ab1e1476ab63ff16248473c2491f6db '   itemscope=\"itemscope\" itemtype=\"https:\/\/schema.org\/CreativeWork\" ><div class='avia_textblock'  itemprop=\"text\" ><p>Rahasto on my\u00f6nt\u00e4nyt vuosikymmenten saatossa lukemattomia apurahoja, joista ohessa on muutamia poimintoja. Apurahoja on my\u00f6nnetty my\u00f6s mm. v\u00e4it\u00f6skirjoihin sek\u00e4 Suomen Puolustusvoimien upseereiden opintomatkoihin, kieliopintoihin ja pitk\u00e4aikaiseen opiskeluun ulkomailla. <i><a href=\"https:\/\/marskinrahasto.fi\/index.php\/myonnettyja-apurahoja\/myonnetyt-apurahat-ja-stipendit-2010-2019\/\">Vuosina 2010-2019 my\u00f6nnettiin muun muassa seuraavat apurahat<\/a>.<\/i><\/p>\n<p><strong>Poimintoja my\u00f6nnetyist\u00e4 apurahoista<\/strong><\/p>\n<ul>\n<li>Puolustusvoimat. Vuonna 1951 rahasto my\u00f6nsi Uudenmaan Rakuunarykmentin S\u00e4\u00e4ti\u00f6lle apurahan rykmentin historiikin laatimiseksi. Hoitokunnan mukaan alkuper\u00e4inen ajatus kyseisen tutkimuksen tukemiseksi oli tullut jo aikaisemmin Suomen marsalkalta.<\/li>\n<li>Vuonna 1955 rahasto osallistui Sotakorkeakoulun ker\u00e4ykseen, jonka tuotolla tilattiin Sotakorkeakoululle filosofian tohtori E.I. Tilviksen maalaama Suomen marsalkka Mannerheimin muotokuva.<\/li>\n<li>Vuonna 1957 rahasto my\u00f6nsi Suomen sotatieteelliselle seuralle sen 30-vuotismerkkip\u00e4iv\u00e4n johdosta apurahan, jolla tuli palkita yksi tai useampi sotahistoriallinen tutkimus Suomen uusimmasta sotahistoriasta. Apurahan avulla toteutettiin tutkimus talvisodan komppanianp\u00e4\u00e4llik\u00f6ist\u00e4, jonka tuloksena O. Sipponen ja M. Suhonen julkaisivat teoksen \u201dTalvisodan komppanian- ja patterin p\u00e4\u00e4llik\u00f6t.\u201d (Werner S\u00f6derstr\u00f6m Oy, Porvoo 1963.)<\/li>\n<li>Vuonna 1962 my\u00f6nnettiin Upseeriliitolle palkintoraha Suomen itsen\u00e4isyyden 45:nen juhlavuoden kunniaksi j\u00e4rjestetty\u00e4 kirjoituskilpailua varten. Sotilasaikakauslehden toteuttaman kilpailun palkinto jaettiin kolmen voittajan, teologian tohtori Yrj\u00f6 Massan, everstiluutnantti Ahti Haapaniemen sek\u00e4 kapteeni V\u00e4in\u00f6 Kangaspunnan kesken.<\/li>\n<li>Vuonna 1968 my\u00f6nnettiin Upseeriliitolle 40-vuotisjuhlastipendi.<\/li>\n<li>Vuonna 1977 my\u00f6nnettiin Suomen sotatieteelliselle seuralle 50-vuotisjuhlastipendi.<\/li>\n<li>Vuosina 1985\u20131989 tuettiin Suomen sotatieteellisen seuran kautta Sampo Ahton tutkimusta talvisodan hengest\u00e4. \u201dTalvisodan henki. Mielialoja Suomessa talvella 1939\u20131940.\u201d (WSOY, Juva 1990) -teoksesta otettiin toinen painos jo julkaisemista seuraavana vuonna.<\/li>\n<li>Vuonna 1990 tuettiin Raimo Heiskasen tekem\u00e4\u00e4 tutkimusta \u201dTalvisodan operaatioiden johtaminen ja edellytysten luominen sodank\u00e4ynnille P\u00e4\u00e4majan operatiivisen osaston n\u00e4k\u00f6kulmasta\u201d (Maanpuolustuskorkeakoulun historian laitos, 1996).<\/li>\n<li>Vuonna 2001 julkaistiin rahaston tuella Pekka Visurin tutkimus \u201dSuomen turvallisuus- ja puolustuspolitiikan linjaukset\u201d (Otava 2001), josta otettiin toinen painos vuonna 2002.<\/li>\n<li>Vuonna 2008 julkaistiin rahaston tuella Kari Sel\u00e9nin kokoama ja taustoittama teos \u201dMannerheim. Puheet 1918\u20131947&#8243; (WSOY 2008).<\/li>\n<li>Vuosina 2015\u20132016 tuettiin eversti Pasi V\u00e4lim\u00e4en sek\u00e4 vuosina 2017-2018 komentaja Tuomo Meron opintoja National Defence Universityssa (USA).<\/li>\n<\/ul>\n<p>Vuosikymmeneen 2010\u20132019 osui useita merkitt\u00e4vi\u00e4 juhlavuosia. Suomen itsen\u00e4istymisest\u00e4 tuli 2017 kuluneeksi 100 vuotta ja Suomen marsalkka, vapaaherra G. Mannerheimin syntym\u00e4st\u00e4 150 vuotta. Lis\u00e4ksi monet viralliset tahot Suomessa viettiv\u00e4t 100-vuotisjuhliaan. Rahasto osallistui useiden suoraan toimintaansa liittyvien tahojen tukemiseen. Ohessa muutama poiminta n\u00e4ist\u00e4 <a href=\"https:\/\/marskinrahasto.fi\/index.php\/historia\/rahaston-historia-2010-2019\/rahaston-tunnus-2\/\"><i>erityisist\u00e4 apurahoista juhlavuosina 2017, 2018 ja 2019<\/i><\/a>.<\/p>\n<\/div><\/section><\/div>\n\n<style type=\"text\/css\" data-created_by=\"avia_inline_auto\" id=\"style-css-av-rojj-d430db22ee5f9443a800cf662ee2f959\">\n.flex_column.av-rojj-d430db22ee5f9443a800cf662ee2f959{\nborder-radius:0px 0px 0px 0px;\npadding:0px 0px 0px 0px;\n}\n<\/style>\n<div  class='flex_column av-rojj-d430db22ee5f9443a800cf662ee2f959 av_one_third  avia-builder-el-4  el_after_av_two_third  avia-builder-el-last  flex_column_div av-zero-column-padding  '     ><p>\n<style type=\"text\/css\" data-created_by=\"avia_inline_auto\" id=\"style-css-av-kebk12ix-696a6bf68bbfd5ebd164fd88b5f66cd6\">\n.avia-image-container.av-kebk12ix-696a6bf68bbfd5ebd164fd88b5f66cd6 img.avia_image{\nbox-shadow:none;\n}\n.avia-image-container.av-kebk12ix-696a6bf68bbfd5ebd164fd88b5f66cd6 .av-image-caption-overlay-center{\ncolor:#ffffff;\n}\n<\/style>\n<div  class='avia-image-container av-kebk12ix-696a6bf68bbfd5ebd164fd88b5f66cd6 av-styling- avia-align-center  avia-builder-el-5  el_before_av_textblock  avia-builder-el-first '   itemprop=\"image\" itemscope=\"itemscope\" itemtype=\"https:\/\/schema.org\/ImageObject\" ><div class=\"avia-image-container-inner\"><div class=\"avia-image-overlay-wrap\"><img decoding=\"async\" fetchpriority=\"high\" class='wp-image-58 avia-img-lazy-loading-not-58 avia_image ' src=\"https:\/\/marskinrahasto.fi\/wp-content\/uploads\/2020\/08\/Mannerheim_Tilvis.jpg\" alt='' title='Mannerheim_Tilvis'  height=\"1272\" width=\"970\"  itemprop=\"thumbnailUrl\" srcset=\"https:\/\/marskinrahasto.fi\/wp-content\/uploads\/2020\/08\/Mannerheim_Tilvis.jpg 970w, https:\/\/marskinrahasto.fi\/wp-content\/uploads\/2020\/08\/Mannerheim_Tilvis-229x300.jpg 229w, https:\/\/marskinrahasto.fi\/wp-content\/uploads\/2020\/08\/Mannerheim_Tilvis-785x1030.jpg 785w, https:\/\/marskinrahasto.fi\/wp-content\/uploads\/2020\/08\/Mannerheim_Tilvis-768x1007.jpg 768w, https:\/\/marskinrahasto.fi\/wp-content\/uploads\/2020\/08\/Mannerheim_Tilvis-538x705.jpg 538w\" sizes=\"(max-width: 970px) 100vw, 970px\" \/><\/div><\/div><\/div><br \/>\n<section  class='av_textblock_section av-oz0f-5ab1e1476ab63ff16248473c2491f6db '   itemscope=\"itemscope\" itemtype=\"https:\/\/schema.org\/CreativeWork\" ><div class='avia_textblock'  itemprop=\"text\" ><p>Rahasto osallistui ker\u00e4ykseen, jonka tuotolla tilattiin Sotakorkeakoululle Suomen marsalkan muotokuva. Muotokuvan on maalannut filosofian tohtori E.I. Tilvis. Tasavallan presidentti Urho Kekkonen kunnioitti l\u00e4sn\u00e4olollaan muotokuvan paljastustilaisuutta 12. tammikuuta 1957. Nykyisin muotokuva on Puolustusvoimain komentajan ty\u00f6huoneessa P\u00e4\u00e4esikunnassa.<\/p>\n<\/div><\/section><\/p><\/div>\n","protected":false},"excerpt":{"rendered":"","protected":false},"author":1,"featured_media":0,"parent":569,"menu_order":4,"comment_status":"closed","ping_status":"closed","template":"","meta":{"footnotes":""},"class_list":["post-19","page","type-page","status-publish","hentry"],"_links":{"self":[{"href":"https:\/\/marskinrahasto.fi\/index.php\/wp-json\/wp\/v2\/pages\/19","targetHints":{"allow":["GET"]}}],"collection":[{"href":"https:\/\/marskinrahasto.fi\/index.php\/wp-json\/wp\/v2\/pages"}],"about":[{"href":"https:\/\/marskinrahasto.fi\/index.php\/wp-json\/wp\/v2\/types\/page"}],"author":[{"embeddable":true,"href":"https:\/\/marskinrahasto.fi\/index.php\/wp-json\/wp\/v2\/users\/1"}],"replies":[{"embeddable":true,"href":"https:\/\/marskinrahasto.fi\/index.php\/wp-json\/wp\/v2\/comments?post=19"}],"version-history":[{"count":10,"href":"https:\/\/marskinrahasto.fi\/index.php\/wp-json\/wp\/v2\/pages\/19\/revisions"}],"predecessor-version":[{"id":946,"href":"https:\/\/marskinrahasto.fi\/index.php\/wp-json\/wp\/v2\/pages\/19\/revisions\/946"}],"up":[{"embeddable":true,"href":"https:\/\/marskinrahasto.fi\/index.php\/wp-json\/wp\/v2\/pages\/569"}],"wp:attachment":[{"href":"https:\/\/marskinrahasto.fi\/index.php\/wp-json\/wp\/v2\/media?parent=19"}],"curies":[{"name":"wp","href":"https:\/\/api.w.org\/{rel}","templated":true}]}}