{"id":16,"date":"2020-08-26T13:56:26","date_gmt":"2020-08-26T13:56:26","guid":{"rendered":"https:\/\/marski.ylirotu.fi\/?page_id=16"},"modified":"2026-03-08T12:40:29","modified_gmt":"2026-03-08T12:40:29","slug":"etusivu-vanha","status":"publish","type":"page","link":"https:\/\/marskinrahasto.fi\/index.php\/extranet\/etusivu-vanha\/","title":{"rendered":"Etusivu vanha"},"content":{"rendered":"\n<style type=\"text\/css\" data-created_by=\"avia_inline_auto\" id=\"style-css-av-34cos-172be431079b5b0053051f68472dbada\">\n.avia-section.av-34cos-172be431079b5b0053051f68472dbada{\nbackground-color:#63604a;\nbackground-image:url(https:\/\/marskinrahasto.fi\/wp-content\/uploads\/2020\/09\/etusivu_tausta_1k6h_fin.png);\nbackground-repeat:no-repeat;\nbackground-position:100% 0%;\nbackground-attachment:scroll;\n}\n<\/style>\n<div id='av_section_1'  class='avia-section av-34cos-172be431079b5b0053051f68472dbada main_color avia-section-default avia-no-border-styling  avia-builder-el-0  el_before_av_one_third  avia-builder-el-first  avia-bg-style-scroll container_wrap sidebar_right'  data-section-bg-repeat='no-repeat'><div class='container av-section-cont-open' ><main  role=\"main\" itemprop=\"mainContentOfPage\"  class='template-page content  av-content-small alpha units'><div class='post-entry post-entry-type-page post-entry-16'><div class='entry-content-wrapper clearfix'>\n\n<style type=\"text\/css\" data-created_by=\"avia_inline_auto\" id=\"style-css-av-2gpdk-be5b4a125a6c035ec1e0bd2ccda4ce4a\">\n.flex_column.av-2gpdk-be5b4a125a6c035ec1e0bd2ccda4ce4a{\nborder-radius:0px 0px 0px 0px;\npadding:0px 0px 0px 0px;\n}\n<\/style>\n<div  class='flex_column av-2gpdk-be5b4a125a6c035ec1e0bd2ccda4ce4a av_one_half  avia-builder-el-1  el_before_av_one_half  avia-builder-el-first  first flex_column_div av-zero-column-padding  '     ><style type=\"text\/css\" data-created_by=\"avia_inline_auto\" id=\"style-css-av-1y40c-9a8d1652059f5f48caa170a5385fc8ce\">\n#top .av_textblock_section.av-1y40c-9a8d1652059f5f48caa170a5385fc8ce .avia_textblock{\ncolor:#ffffff;\n}\n\n@media only screen and (min-width: 768px) and (max-width: 989px){ \n#top .av_textblock_section.av-1y40c-9a8d1652059f5f48caa170a5385fc8ce .avia_textblock{\nfont-size:12px;\n}\n}\n\n@media only screen and (min-width: 480px) and (max-width: 767px){ \n#top .av_textblock_section.av-1y40c-9a8d1652059f5f48caa170a5385fc8ce .avia_textblock{\nfont-size:12px;\n}\n}\n\n@media only screen and (max-width: 479px){ \n#top .av_textblock_section.av-1y40c-9a8d1652059f5f48caa170a5385fc8ce .avia_textblock{\nfont-size:12px;\n}\n}\n<\/style>\n<section  class='av_textblock_section av-1y40c-9a8d1652059f5f48caa170a5385fc8ce '   itemscope=\"itemscope\" itemtype=\"https:\/\/schema.org\/CreativeWork\" ><div class='avia_textblock av_inherit_color'  itemprop=\"text\" ><h5>SOTAMARSALKKA, VAPAAHERRA MANNERHEIM PERUSTI RAHASTON VUONNA 1937 VAROILLA, JOTKA H\u00c4N SAI LAHJAKSI 70-VUOTISP\u00c4IV\u00c4N\u00c4\u00c4N.<\/h5>\n<p>LAHJOITUSVAROJEN OLI ENSIMM\u00c4ISTEN S\u00c4\u00c4NT\u00d6JEN MUKAAN M\u00c4\u00c4R\u00c4 RIITT\u00c4\u00c4 15 VUOTTA \u2013 RAHASTO JATKAA KUITENKIN MERKITT\u00c4V\u00c4\u00c4 TY\u00d6T\u00c4\u00c4N MARSALKAN HENGESS\u00c4 VIEL\u00c4 T\u00c4N\u00c4\u00c4NKIN.<\/p>\n<p>RAHASTO JAKAA APURAHOJA PUOLUSTUSVOIMIEN UPSEEREILLE MM. OPINTOMATKOJA, KIELIOPINTOJA JA V\u00c4IT\u00d6SKIRJOJA VARTEN. TAPAUSKOHTAISESTI TUETAAN MY\u00d6S UPSEEREIDEN PITK\u00c4AIKAISTA OPISKELUA ULKOMAILLA.<\/p>\n<p>JOKA VIIDES VUOSI PALKITAAN JOKO EL\u00c4M\u00c4NTY\u00d6PALKINNOLLA TAI ANSIOITUNEIDEN TUTKIJOIDEN PALKINNOILLA HENKIL\u00d6IT\u00c4, JOTKA OVAT ANTANEET MERKITT\u00c4V\u00c4N PANOKSEN\u00a0 AJANKOHTAISTEN MAANPUOLUSTUKSEN AIHEIDEN TAI SOTAHISTORIAN TUTKIMUKSEN SARALLA.<\/p>\n<\/div><\/section><\/div>\n<style type=\"text\/css\" data-created_by=\"avia_inline_auto\" id=\"style-css-av-1rbpw-9034e0f8a20af2e026ef71891fa500f3\">\n.flex_column.av-1rbpw-9034e0f8a20af2e026ef71891fa500f3{\nborder-radius:0px 0px 0px 0px;\npadding:0px 0px 0px 0px;\n}\n<\/style>\n<div  class='flex_column av-1rbpw-9034e0f8a20af2e026ef71891fa500f3 av_one_half  avia-builder-el-3  el_after_av_one_half  avia-builder-el-last  flex_column_div av-zero-column-padding  '     ><\/div>\n<\/div><\/div><\/main><!-- close content main element --><\/div><\/div><div id='after_section_1'  class='main_color av_default_container_wrap container_wrap sidebar_right'  ><div class='container av-section-cont-open' ><div class='template-page content  av-content-small alpha units'><div class='post-entry post-entry-type-page post-entry-16'><div class='entry-content-wrapper clearfix'>\n\n<style type=\"text\/css\" data-created_by=\"avia_inline_auto\" id=\"style-css-av-wsh9-755fb4fba048b63ad69966f7583cd738\">\n.flex_column.av-wsh9-755fb4fba048b63ad69966f7583cd738{\nborder-radius:0px 0px 0px 0px;\npadding:0px 0px 0px 0px;\n}\n<\/style>\n<div  class='flex_column av-wsh9-755fb4fba048b63ad69966f7583cd738 av_one_third  avia-builder-el-4  el_after_av_section  el_before_av_one_third  avia-builder-el-first  first flex_column_div av-zero-column-padding  '     ><p>\n<style type=\"text\/css\" data-created_by=\"avia_inline_auto\" id=\"style-css-av-vscz-4761c8c1109d36e47c4895aff6999c25\">\n.avia-image-container.av-vscz-4761c8c1109d36e47c4895aff6999c25 img.avia_image{\nbox-shadow:none;\n}\n.avia-image-container.av-vscz-4761c8c1109d36e47c4895aff6999c25 .av-image-caption-overlay-center{\ncolor:#ffffff;\n}\n<\/style>\n<div  class='avia-image-container av-vscz-4761c8c1109d36e47c4895aff6999c25 av-styling- avia-align-center  avia-builder-el-5  el_before_av_textblock  avia-builder-el-first '   itemprop=\"image\" itemscope=\"itemscope\" itemtype=\"https:\/\/schema.org\/ImageObject\" ><div class=\"avia-image-container-inner\"><div class=\"avia-image-overlay-wrap\"><img decoding=\"async\" fetchpriority=\"high\" class='wp-image-346 avia-img-lazy-loading-not-346 avia_image ' src=\"https:\/\/marskinrahasto.fi\/wp-content\/uploads\/2020\/08\/etusivu_elamantyo.png\" alt='' title='etusivu_elamantyo'  height=\"450\" width=\"800\"  itemprop=\"thumbnailUrl\" srcset=\"https:\/\/marskinrahasto.fi\/wp-content\/uploads\/2020\/08\/etusivu_elamantyo.png 800w, https:\/\/marskinrahasto.fi\/wp-content\/uploads\/2020\/08\/etusivu_elamantyo-300x169.png 300w, https:\/\/marskinrahasto.fi\/wp-content\/uploads\/2020\/08\/etusivu_elamantyo-768x432.png 768w, https:\/\/marskinrahasto.fi\/wp-content\/uploads\/2020\/08\/etusivu_elamantyo-705x397.png 705w\" sizes=\"(max-width: 800px) 100vw, 800px\" \/><\/div><\/div><\/div><br \/>\n<section  class='av_textblock_section av-t73h-0c83c9899ff46f291d1e548af300cd4c '   itemscope=\"itemscope\" itemtype=\"https:\/\/schema.org\/CreativeWork\" ><div class='avia_textblock'  itemprop=\"text\" ><h4>El\u00e4m\u00e4nty\u00f6palkinnot<\/h4>\n<p>Vuodesta 2002 l\u00e4htien on joka viides vuosi my\u00f6nnetty niin kutsuttu el\u00e4m\u00e4nty\u00f6palkinto. Palkinnon perustelut vaihtelevat, mutta yhteinen nimitt\u00e4j\u00e4 on se, ett\u00e4 palkittu on tehnyt mittavan el\u00e4m\u00e4nty\u00f6n sotatieteellisen tutkimuksen ja maanpuolustuksen saralla.<\/p>\n<p><a href=\"https:\/\/marskinrahasto.fi\/index.php\/tunnustuspalkinnot\/etusivu\/\">El\u00e4m\u00e4nty\u00f6palkinnot<\/a><\/p>\n<\/div><\/section><\/p><\/div>\n\n<style type=\"text\/css\" data-created_by=\"avia_inline_auto\" id=\"style-css-av-r4z5-f317151d1d7c0bc2b2b61f0b76fcb726\">\n.flex_column.av-r4z5-f317151d1d7c0bc2b2b61f0b76fcb726{\nborder-radius:0px 0px 0px 0px;\npadding:0px 0px 0px 0px;\n}\n<\/style>\n<div  class='flex_column av-r4z5-f317151d1d7c0bc2b2b61f0b76fcb726 av_one_third  avia-builder-el-7  el_after_av_one_third  el_before_av_one_third  flex_column_div av-zero-column-padding  '     ><p>\n<style type=\"text\/css\" data-created_by=\"avia_inline_auto\" id=\"style-css-av-ort1-9546a88bf06dc837f566405c3dbd452d\">\n.avia-image-container.av-ort1-9546a88bf06dc837f566405c3dbd452d img.avia_image{\nbox-shadow:none;\n}\n.avia-image-container.av-ort1-9546a88bf06dc837f566405c3dbd452d .av-image-caption-overlay-center{\ncolor:#ffffff;\n}\n<\/style>\n<div  class='avia-image-container av-ort1-9546a88bf06dc837f566405c3dbd452d av-styling- avia-align-center  avia-builder-el-8  el_before_av_textblock  avia-builder-el-first '   itemprop=\"image\" itemscope=\"itemscope\" itemtype=\"https:\/\/schema.org\/ImageObject\" ><div class=\"avia-image-container-inner\"><div class=\"avia-image-overlay-wrap\"><img decoding=\"async\" fetchpriority=\"high\" class='wp-image-342 avia-img-lazy-loading-not-342 avia_image ' src=\"https:\/\/marskinrahasto.fi\/wp-content\/uploads\/2020\/08\/etusivu_ansioituneiden.png\" alt='' title='etusivu_ansioituneiden'  height=\"450\" width=\"800\"  itemprop=\"thumbnailUrl\" srcset=\"https:\/\/marskinrahasto.fi\/wp-content\/uploads\/2020\/08\/etusivu_ansioituneiden.png 800w, https:\/\/marskinrahasto.fi\/wp-content\/uploads\/2020\/08\/etusivu_ansioituneiden-300x169.png 300w, https:\/\/marskinrahasto.fi\/wp-content\/uploads\/2020\/08\/etusivu_ansioituneiden-768x432.png 768w, https:\/\/marskinrahasto.fi\/wp-content\/uploads\/2020\/08\/etusivu_ansioituneiden-705x397.png 705w\" sizes=\"(max-width: 800px) 100vw, 800px\" \/><\/div><\/div><\/div><br \/>\n<section  class='av_textblock_section av-n00x-a30b837869a342b8cff698cd79d0fdaf '   itemscope=\"itemscope\" itemtype=\"https:\/\/schema.org\/CreativeWork\" ><div class='avia_textblock'  itemprop=\"text\" ><h4>Ansioituneiden tutkijoiden palkinnot<\/h4>\n<p>Vuodesta 2007 l\u00e4htien Rahasto on palkinnut joka viides vuosi tutkijoita henkil\u00f6kohtaisista sotatieteellisist\u00e4 ansioista.<\/p>\n<p><a href=\"https:\/\/marskinrahasto.fi\/index.php\/tunnustuspalkinnot\/ansioituneiden-tutkijoiden-palkinnot\/\">Ansioituneiden tutkijoiden palkinnot<\/a><\/p>\n<\/div><\/section><\/p><\/div>\n\n<style type=\"text\/css\" data-created_by=\"avia_inline_auto\" id=\"style-css-av-jr7x-b7faa90df5e214282de52b1eb6fcd515\">\n.flex_column.av-jr7x-b7faa90df5e214282de52b1eb6fcd515{\nborder-radius:0px 0px 0px 0px;\npadding:0px 0px 0px 0px;\n}\n<\/style>\n<div  class='flex_column av-jr7x-b7faa90df5e214282de52b1eb6fcd515 av_one_third  avia-builder-el-10  el_after_av_one_third  el_before_av_one_third  flex_column_div av-zero-column-padding  '     ><p>\n<style type=\"text\/css\" data-created_by=\"avia_inline_auto\" id=\"style-css-av-hyih-a6f97c3eceafce930620c84cae9a4bc6\">\n.avia-image-container.av-hyih-a6f97c3eceafce930620c84cae9a4bc6 img.avia_image{\nbox-shadow:none;\n}\n.avia-image-container.av-hyih-a6f97c3eceafce930620c84cae9a4bc6 .av-image-caption-overlay-center{\ncolor:#ffffff;\n}\n<\/style>\n<div  class='avia-image-container av-hyih-a6f97c3eceafce930620c84cae9a4bc6 av-styling- avia-align-center  avia-builder-el-11  el_before_av_textblock  avia-builder-el-first '   itemprop=\"image\" itemscope=\"itemscope\" itemtype=\"https:\/\/schema.org\/ImageObject\" ><div class=\"avia-image-container-inner\"><div class=\"avia-image-overlay-wrap\"><img decoding=\"async\" fetchpriority=\"high\" class='wp-image-314 avia-img-lazy-loading-not-314 avia_image ' src=\"https:\/\/marskinrahasto.fi\/wp-content\/uploads\/2020\/08\/etusivu_poimintoja.png\" alt='' title='etusivu_poimintoja'  height=\"450\" width=\"800\"  itemprop=\"thumbnailUrl\" srcset=\"https:\/\/marskinrahasto.fi\/wp-content\/uploads\/2020\/08\/etusivu_poimintoja.png 800w, https:\/\/marskinrahasto.fi\/wp-content\/uploads\/2020\/08\/etusivu_poimintoja-300x169.png 300w, https:\/\/marskinrahasto.fi\/wp-content\/uploads\/2020\/08\/etusivu_poimintoja-768x432.png 768w, https:\/\/marskinrahasto.fi\/wp-content\/uploads\/2020\/08\/etusivu_poimintoja-705x397.png 705w\" sizes=\"(max-width: 800px) 100vw, 800px\" \/><\/div><\/div><\/div><br \/>\n<section  class='av_textblock_section av-h4wx-0324266b8c0aa49eb8312275a77227be '   itemscope=\"itemscope\" itemtype=\"https:\/\/schema.org\/CreativeWork\" ><div class='avia_textblock'  itemprop=\"text\" ><h4>Poimintoja my\u00f6nnetyist\u00e4 apurahoista<\/h4>\n<p>Rahasto on my\u00f6nt\u00e4nyt vuosikymmenten saatossa lukemattomia apurahoja, joista ohessa on muutamia poimintoja. Apurahoja on my\u00f6nnetty my\u00f6s mm. v\u00e4it\u00f6skirjoihin sek\u00e4 opintomatkoihin, kieliopintoihin ja pitk\u00e4aikaiseen opiskeluun ulkomailla.<\/p>\n<p><a href=\"https:\/\/marskinrahasto.fi\/index.php\/myonnettyja-apurahoja\/\">Poimintoja my\u00f6nnetyist\u00e4 apurahoista<\/a><\/p>\n<\/div><\/section><\/p><\/div>\n\n<style type=\"text\/css\" data-created_by=\"avia_inline_auto\" id=\"style-css-av-eu7z-dd2bb1aaed63e7fbb92091e9ea8f5e83\">\n.flex_column.av-eu7z-dd2bb1aaed63e7fbb92091e9ea8f5e83{\nborder-radius:0px 0px 0px 0px;\npadding:0px 0px 0px 0px;\n}\n<\/style>\n<div  class='flex_column av-eu7z-dd2bb1aaed63e7fbb92091e9ea8f5e83 av_one_third  avia-builder-el-13  el_after_av_one_third  el_before_av_one_third  first flex_column_div av-zero-column-padding  column-top-margin'     ><p>\n<style type=\"text\/css\" data-created_by=\"avia_inline_auto\" id=\"style-css-av-b1j5-3b92a8f9f01a681d85187e6e08284775\">\n.avia-image-container.av-b1j5-3b92a8f9f01a681d85187e6e08284775 img.avia_image{\nbox-shadow:none;\n}\n.avia-image-container.av-b1j5-3b92a8f9f01a681d85187e6e08284775 .av-image-caption-overlay-center{\ncolor:#ffffff;\n}\n<\/style>\n<div  class='avia-image-container av-b1j5-3b92a8f9f01a681d85187e6e08284775 av-styling- avia-align-center  avia-builder-el-14  el_before_av_textblock  avia-builder-el-first '   itemprop=\"image\" itemscope=\"itemscope\" itemtype=\"https:\/\/schema.org\/ImageObject\" ><div class=\"avia-image-container-inner\"><div class=\"avia-image-overlay-wrap\"><img decoding=\"async\" fetchpriority=\"high\" class='wp-image-304 avia-img-lazy-loading-not-304 avia_image ' src=\"https:\/\/marskinrahasto.fi\/wp-content\/uploads\/2020\/08\/etusivu_hakeminen.png\" alt='' title='etusivu_hakeminen'  height=\"450\" width=\"800\"  itemprop=\"thumbnailUrl\" srcset=\"https:\/\/marskinrahasto.fi\/wp-content\/uploads\/2020\/08\/etusivu_hakeminen.png 800w, https:\/\/marskinrahasto.fi\/wp-content\/uploads\/2020\/08\/etusivu_hakeminen-300x169.png 300w, https:\/\/marskinrahasto.fi\/wp-content\/uploads\/2020\/08\/etusivu_hakeminen-768x432.png 768w, https:\/\/marskinrahasto.fi\/wp-content\/uploads\/2020\/08\/etusivu_hakeminen-705x397.png 705w\" sizes=\"(max-width: 800px) 100vw, 800px\" \/><\/div><\/div><\/div><br \/>\n<section  class='av_textblock_section av-aabf-2be85e0339c839ffeb9e3e3767d5502f '   itemscope=\"itemscope\" itemtype=\"https:\/\/schema.org\/CreativeWork\" ><div class='avia_textblock'  itemprop=\"text\" ><h4>Rahaston apurahat ja niiden hakeminen<\/h4>\n<p>Rahasto toteuttaa s\u00e4\u00e4nn\u00f6iss\u00e4 m\u00e4\u00e4ritetty\u00e4 teht\u00e4v\u00e4\u00e4ns\u00e4 my\u00f6nt\u00e4m\u00e4ll\u00e4 apurahoja kotimaassa ja ulkomailla teht\u00e4v\u00e4\u00e4 sotatieteellist\u00e4 tutkimusta tai opiskelua varten.<\/p>\n<p><a href=\"https:\/\/marskinrahasto.fi\/index.php\/apurahat-ja-hakeminen\/\">Rahaston apurahat ja niiden hakeminen<\/a><\/p>\n<\/div><\/section><\/p><\/div>\n\n<style type=\"text\/css\" data-created_by=\"avia_inline_auto\" id=\"style-css-av-8j8v-c0bd4f693f2178332497e994f8e53d1a\">\n.flex_column.av-8j8v-c0bd4f693f2178332497e994f8e53d1a{\nborder-radius:0px 0px 0px 0px;\npadding:0px 0px 0px 0px;\n}\n<\/style>\n<div  class='flex_column av-8j8v-c0bd4f693f2178332497e994f8e53d1a av_one_third  avia-builder-el-16  el_after_av_one_third  avia-builder-el-last  flex_column_div av-zero-column-padding  column-top-margin'     ><p>\n<style type=\"text\/css\" data-created_by=\"avia_inline_auto\" id=\"style-css-av-i7l-196399f0716b3b15981c3f91264769f3\">\n.avia-image-container.av-i7l-196399f0716b3b15981c3f91264769f3 img.avia_image{\nbox-shadow:none;\n}\n.avia-image-container.av-i7l-196399f0716b3b15981c3f91264769f3 .av-image-caption-overlay-center{\ncolor:#ffffff;\n}\n<\/style>\n<div  class='avia-image-container av-i7l-196399f0716b3b15981c3f91264769f3 av-styling- avia-align-center  avia-builder-el-17  el_before_av_textblock  avia-builder-el-first '   itemprop=\"image\" itemscope=\"itemscope\" itemtype=\"https:\/\/schema.org\/ImageObject\" ><div class=\"avia-image-container-inner\"><div class=\"avia-image-overlay-wrap\"><img decoding=\"async\" fetchpriority=\"high\" class='wp-image-303 avia-img-lazy-loading-not-303 avia_image ' src=\"https:\/\/marskinrahasto.fi\/wp-content\/uploads\/2020\/08\/etusivu_rahastonalkuvaiheet.png\" alt='' title='etusivu_rahastonalkuvaiheet'  height=\"450\" width=\"800\"  itemprop=\"thumbnailUrl\" srcset=\"https:\/\/marskinrahasto.fi\/wp-content\/uploads\/2020\/08\/etusivu_rahastonalkuvaiheet.png 800w, https:\/\/marskinrahasto.fi\/wp-content\/uploads\/2020\/08\/etusivu_rahastonalkuvaiheet-300x169.png 300w, https:\/\/marskinrahasto.fi\/wp-content\/uploads\/2020\/08\/etusivu_rahastonalkuvaiheet-768x432.png 768w, https:\/\/marskinrahasto.fi\/wp-content\/uploads\/2020\/08\/etusivu_rahastonalkuvaiheet-705x397.png 705w\" sizes=\"(max-width: 800px) 100vw, 800px\" \/><\/div><\/div><\/div><br \/>\n<section  class='av_textblock_section av-2n6f-5e0ef4be866979e832369d22695c5751 '   itemscope=\"itemscope\" itemtype=\"https:\/\/schema.org\/CreativeWork\" ><div class='avia_textblock'  itemprop=\"text\" ><h4>Rahaston alkuvaiheet<\/h4>\n<p>Sotamarsalkka Mannerheimille lahjoitettiin h\u00e4nen 70-vuotisp\u00e4iv\u00e4n\u00e4\u00e4n osakkeina kaksi miljoonaa markkaa, jotka h\u00e4nen tuli k\u00e4ytt\u00e4\u00e4 parhaaksi katsomallaan tavalla.<\/p>\n<p><a href=\"https:\/\/marskinrahasto.fi\/index.php\/historia\/rahaston-alkuvaiheet\/\">Rahaston alkuvaiheet<\/a><\/p>\n<\/div><\/section><\/p><\/div>\n","protected":false},"excerpt":{"rendered":"","protected":false},"author":1,"featured_media":0,"parent":569,"menu_order":1,"comment_status":"closed","ping_status":"closed","template":"","meta":{"footnotes":""},"class_list":["post-16","page","type-page","status-publish","hentry"],"_links":{"self":[{"href":"https:\/\/marskinrahasto.fi\/index.php\/wp-json\/wp\/v2\/pages\/16","targetHints":{"allow":["GET"]}}],"collection":[{"href":"https:\/\/marskinrahasto.fi\/index.php\/wp-json\/wp\/v2\/pages"}],"about":[{"href":"https:\/\/marskinrahasto.fi\/index.php\/wp-json\/wp\/v2\/types\/page"}],"author":[{"embeddable":true,"href":"https:\/\/marskinrahasto.fi\/index.php\/wp-json\/wp\/v2\/users\/1"}],"replies":[{"embeddable":true,"href":"https:\/\/marskinrahasto.fi\/index.php\/wp-json\/wp\/v2\/comments?post=16"}],"version-history":[{"count":49,"href":"https:\/\/marskinrahasto.fi\/index.php\/wp-json\/wp\/v2\/pages\/16\/revisions"}],"predecessor-version":[{"id":937,"href":"https:\/\/marskinrahasto.fi\/index.php\/wp-json\/wp\/v2\/pages\/16\/revisions\/937"}],"up":[{"embeddable":true,"href":"https:\/\/marskinrahasto.fi\/index.php\/wp-json\/wp\/v2\/pages\/569"}],"wp:attachment":[{"href":"https:\/\/marskinrahasto.fi\/index.php\/wp-json\/wp\/v2\/media?parent=16"}],"curies":[{"name":"wp","href":"https:\/\/api.w.org\/{rel}","templated":true}]}}